{"id":10015,"date":"2021-09-01T12:12:29","date_gmt":"2021-09-01T10:12:29","guid":{"rendered":"https:\/\/www.mittelalterkraemer.de\/?post_type=product&#038;p=10015"},"modified":"2026-01-12T14:42:40","modified_gmt":"2026-01-12T13:42:40","slug":"schlichtes-becher-glas","status":"publish","type":"product","link":"https:\/\/www.mittelalterkraemer.de\/?product=schlichtes-becher-glas","title":{"rendered":"Schlichtes Becher-Glas"},"content":{"rendered":"<p>H\u00f6he 14 cm<br \/>\nInhalt 0,44 Liter<\/p>\n<p>Handgefertigt<\/p>\n<p>Lieferbar in 4-6 Wochen<\/p>\n<p><b>Ein schlichtes Trinkglas.<br \/>\nDas Glas ist mit winzigen Luftblaseneinschl\u00fcssen durchzogen<\/b><\/p>\n<p>Ein toller Becher f\u00fcr allerlei Getr\u00e4nke. Da man mit den H\u00e4nden gegessen hat sollte die nach oben weiter werdende Form ein entgleiten des Glases verhindern.<\/p>\n<p>Das Glas ist eine Nachbildung von Gl\u00e4sern die im 14. und 15 Jahrhundert gerade im Rheinland weit verbreitet waren. Aber selbst heute findet man noch Gl\u00e4ser in dieser Art.<br \/>\nDas \u00e4lteste Glas dieser Art das auf 1400 datiert wurde findet sich im Metropolitan Museum, New York.<\/p>\n<p>Beachtet bitte auch die anderen <a href=\"https:\/\/www.mittelalterkraemer.de\/?product_cat=flaschen-und-glaeser\">Flaschen und Gl\u00e4ser<\/a> aus unserem Sortiment.<\/p>\n<p><span style=\"font-size: 75%;\">Dekorationsartikel geh\u00f6ren nicht zum Lieferumfang.<\/span><\/p>\n","protected":false},"excerpt":{"rendered":"<p>H\u00f6he 14 cm Inhalt 0,44 Liter Handgefertigt Lieferbar in 4-6 Wochen Ein schlichtes Trinkglas. Das Glas ist mit winzigen Luftblaseneinschl\u00fcssen durchzogen Ein toller Becher f\u00fcr allerlei Getr\u00e4nke. Da man mit den H\u00e4nden gegessen hat sollte die nach oben weiter werdende Form ein entgleiten des Glases verhindern. Das Glas ist eine Nachbildung von Gl\u00e4sern die im [&#8230;]\n","protected":false},"featured_media":10386,"comment_status":"open","ping_status":"closed","template":"","meta":[],"product_brand":[],"product_cat":[80,81,144,165],"product_tag":[],"class_list":{"0":"post-10015","1":"product","2":"type-product","3":"status-publish","4":"has-post-thumbnail","6":"product_cat-kueche","7":"product_cat-lagerausstattung","8":"product_cat-alltagsgegenstaende","9":"product_cat-flaschen-und-glaeser","10":"tm-no-options","12":"first","13":"instock","14":"featured","15":"taxable","16":"shipping-taxable","17":"purchasable","18":"product-type-variable"},"_links":{"self":[{"href":"https:\/\/www.mittelalterkraemer.de\/index.php?rest_route=\/wp\/v2\/product\/10015","targetHints":{"allow":["GET"]}}],"collection":[{"href":"https:\/\/www.mittelalterkraemer.de\/index.php?rest_route=\/wp\/v2\/product"}],"about":[{"href":"https:\/\/www.mittelalterkraemer.de\/index.php?rest_route=\/wp\/v2\/types\/product"}],"replies":[{"embeddable":true,"href":"https:\/\/www.mittelalterkraemer.de\/index.php?rest_route=%2Fwp%2Fv2%2Fcomments&post=10015"}],"wp:featuredmedia":[{"embeddable":true,"href":"https:\/\/www.mittelalterkraemer.de\/index.php?rest_route=\/wp\/v2\/media\/10386"}],"wp:attachment":[{"href":"https:\/\/www.mittelalterkraemer.de\/index.php?rest_route=%2Fwp%2Fv2%2Fmedia&parent=10015"}],"wp:term":[{"taxonomy":"product_brand","embeddable":true,"href":"https:\/\/www.mittelalterkraemer.de\/index.php?rest_route=%2Fwp%2Fv2%2Fproduct_brand&post=10015"},{"taxonomy":"product_cat","embeddable":true,"href":"https:\/\/www.mittelalterkraemer.de\/index.php?rest_route=%2Fwp%2Fv2%2Fproduct_cat&post=10015"},{"taxonomy":"product_tag","embeddable":true,"href":"https:\/\/www.mittelalterkraemer.de\/index.php?rest_route=%2Fwp%2Fv2%2Fproduct_tag&post=10015"}],"curies":[{"name":"wp","href":"https:\/\/api.w.org\/{rel}","templated":true}]}}