{"id":10018,"date":"2021-09-01T12:40:07","date_gmt":"2021-09-01T10:40:07","guid":{"rendered":"https:\/\/www.mittelalterkraemer.de\/?post_type=product&#038;p=10018"},"modified":"2026-01-12T14:42:40","modified_gmt":"2026-01-12T13:42:40","slug":"grossdurst-glas","status":"publish","type":"product","link":"https:\/\/www.mittelalterkraemer.de\/?product=grossdurst-glas","title":{"rendered":"Gro\u00dfdurst-Glas"},"content":{"rendered":"<p>H\u00f6he 18,5 cm<br \/>\nInhalt 0,5 Liter<\/p>\n<p>Handgefertigt<\/p>\n<p>Lieferbar in 4-6 Wochen<\/p>\n<p><b>Ein imposantes Gro\u00dfdurst-Glas, mit weiter werdender Form. Der Fu\u00df ist mit Ranken dekoriert die auch f\u00fcr einen besseren Halt in der Hand sorgen.<br \/>\nDas Glas ist mit winzigen Luftblaseneinschl\u00fcssen durchzogen<\/b><\/p>\n<p>Ein toller Becher f\u00fcr allerlei Getr\u00e4nke. Da man mit den H\u00e4nden gegessen hat sollten die Verzierungen am Fu\u00df ein Abrutschen der Gl\u00e4ser bei fettigen Fingern verhindern.<\/p>\n<p>Beachtet bitte auch die anderen <a href=\"https:\/\/www.mittelalterkraemer.de\/?product_cat=flaschen-und-glaeser\">Flaschen und Gl\u00e4ser<\/a> aus unserem Sortiment.<\/p>\n<p><span style=\"font-size: 75%;\">Dekorationsartikel geh\u00f6ren nicht zum Lieferumfang.<\/span><\/p>\n<p>&nbsp;<\/p>\n","protected":false},"excerpt":{"rendered":"<p>H\u00f6he 18,5 cm Inhalt 0,5 Liter Handgefertigt Lieferbar in 4-6 Wochen Ein imposantes Gro\u00dfdurst-Glas, mit weiter werdender Form. Der Fu\u00df ist mit Ranken dekoriert die auch f\u00fcr einen besseren Halt in der Hand sorgen. Das Glas ist mit winzigen Luftblaseneinschl\u00fcssen durchzogen Ein toller Becher f\u00fcr allerlei Getr\u00e4nke. Da man mit den H\u00e4nden gegessen hat sollten [&#8230;]\n","protected":false},"featured_media":10393,"comment_status":"open","ping_status":"closed","template":"","meta":[],"product_brand":[],"product_cat":[80,81,144,165],"product_tag":[],"class_list":{"0":"post-10018","1":"product","2":"type-product","3":"status-publish","4":"has-post-thumbnail","6":"product_cat-kueche","7":"product_cat-lagerausstattung","8":"product_cat-alltagsgegenstaende","9":"product_cat-flaschen-und-glaeser","10":"tm-no-options","12":"first","13":"instock","14":"featured","15":"taxable","16":"shipping-taxable","17":"purchasable","18":"product-type-variable"},"_links":{"self":[{"href":"https:\/\/www.mittelalterkraemer.de\/index.php?rest_route=\/wp\/v2\/product\/10018","targetHints":{"allow":["GET"]}}],"collection":[{"href":"https:\/\/www.mittelalterkraemer.de\/index.php?rest_route=\/wp\/v2\/product"}],"about":[{"href":"https:\/\/www.mittelalterkraemer.de\/index.php?rest_route=\/wp\/v2\/types\/product"}],"replies":[{"embeddable":true,"href":"https:\/\/www.mittelalterkraemer.de\/index.php?rest_route=%2Fwp%2Fv2%2Fcomments&post=10018"}],"wp:featuredmedia":[{"embeddable":true,"href":"https:\/\/www.mittelalterkraemer.de\/index.php?rest_route=\/wp\/v2\/media\/10393"}],"wp:attachment":[{"href":"https:\/\/www.mittelalterkraemer.de\/index.php?rest_route=%2Fwp%2Fv2%2Fmedia&parent=10018"}],"wp:term":[{"taxonomy":"product_brand","embeddable":true,"href":"https:\/\/www.mittelalterkraemer.de\/index.php?rest_route=%2Fwp%2Fv2%2Fproduct_brand&post=10018"},{"taxonomy":"product_cat","embeddable":true,"href":"https:\/\/www.mittelalterkraemer.de\/index.php?rest_route=%2Fwp%2Fv2%2Fproduct_cat&post=10018"},{"taxonomy":"product_tag","embeddable":true,"href":"https:\/\/www.mittelalterkraemer.de\/index.php?rest_route=%2Fwp%2Fv2%2Fproduct_tag&post=10018"}],"curies":[{"name":"wp","href":"https:\/\/api.w.org\/{rel}","templated":true}]}}