{"id":10024,"date":"2021-09-01T13:17:21","date_gmt":"2021-09-01T11:17:21","guid":{"rendered":"https:\/\/www.mittelalterkraemer.de\/?post_type=product&#038;p=10024"},"modified":"2026-01-12T14:48:38","modified_gmt":"2026-01-12T13:48:38","slug":"nuppenbecher","status":"publish","type":"product","link":"https:\/\/www.mittelalterkraemer.de\/?product=nuppenbecher","title":{"rendered":"Nuppenbecher"},"content":{"rendered":"<p>H\u00f6he 12 cm<br \/>\nInhalt 0,28 Liter<\/p>\n<p>Handgefertigt<\/p>\n<p>Lieferbar in 4-6 Wochen<\/p>\n<p><b>Ein Trinkglas mit runder\u00a0 Form und geradem Fu\u00df aus klarem Glas. Der Fu\u00df ist mit Glaskn\u00f6pfen (Nuppen) dekoriert die auch f\u00fcr einen besseren Halt in der Hand sorgen.<br \/>\nDas Glas ist mit winzigen Luftblaseneinschl\u00fcssen durchzogen<\/b><\/p>\n<p>Ein toller Becher f\u00fcr allerlei Getr\u00e4nke. Da man mit den H\u00e4nden gegessen hat sollten die Noppen am Fu\u00df ein Abrutschen der Gl\u00e4ser bei fettigen Fingern verhindern.<\/p>\n<p>DER Becher f\u00fcr das 13. und 14. Jahrhundert. Und gerade dass das Waldglas keine Farbe hatte ist eine typische Eigenschaft der Gl\u00e4ser die man im s\u00fcddeutschen Sprachraum h\u00e4ufig findet.<br \/>\nDie gr\u00fcne oder bl\u00e4uliche Farbe das wir als typisch f\u00fcr das Waldglas empfinden, sind eigentlich nur ungew\u00fcnschte Verunreinigungen mit Metallen und Mineralien.<\/p>\n<p>Beachtet bitte auch die anderen <a href=\"https:\/\/www.mittelalterkraemer.de\/?product_cat=flaschen-und-glaeser\">Flaschen und Gl\u00e4ser<\/a> aus unserem Sortiment.<\/p>\n<p><span style=\"font-size: 75%;\">Dekorationsartikel geh\u00f6ren nicht zum Lieferumfang.<\/span><\/p>\n","protected":false},"excerpt":{"rendered":"<p>H\u00f6he 12 cm Inhalt 0,28 Liter Handgefertigt Lieferbar in 4-6 Wochen Ein Trinkglas mit runder\u00a0 Form und geradem Fu\u00df aus klarem Glas. Der Fu\u00df ist mit Glaskn\u00f6pfen (Nuppen) dekoriert die auch f\u00fcr einen besseren Halt in der Hand sorgen. Das Glas ist mit winzigen Luftblaseneinschl\u00fcssen durchzogen Ein toller Becher f\u00fcr allerlei Getr\u00e4nke. Da man mit [&#8230;]\n","protected":false},"featured_media":10409,"comment_status":"open","ping_status":"closed","template":"","meta":[],"product_brand":[],"product_cat":[80,81,144,165],"product_tag":[],"class_list":{"0":"post-10024","1":"product","2":"type-product","3":"status-publish","4":"has-post-thumbnail","6":"product_cat-kueche","7":"product_cat-lagerausstattung","8":"product_cat-alltagsgegenstaende","9":"product_cat-flaschen-und-glaeser","10":"tm-no-options","12":"first","13":"outofstock","14":"featured","15":"taxable","16":"shipping-taxable","17":"purchasable","18":"product-type-simple"},"_links":{"self":[{"href":"https:\/\/www.mittelalterkraemer.de\/index.php?rest_route=\/wp\/v2\/product\/10024","targetHints":{"allow":["GET"]}}],"collection":[{"href":"https:\/\/www.mittelalterkraemer.de\/index.php?rest_route=\/wp\/v2\/product"}],"about":[{"href":"https:\/\/www.mittelalterkraemer.de\/index.php?rest_route=\/wp\/v2\/types\/product"}],"replies":[{"embeddable":true,"href":"https:\/\/www.mittelalterkraemer.de\/index.php?rest_route=%2Fwp%2Fv2%2Fcomments&post=10024"}],"wp:featuredmedia":[{"embeddable":true,"href":"https:\/\/www.mittelalterkraemer.de\/index.php?rest_route=\/wp\/v2\/media\/10409"}],"wp:attachment":[{"href":"https:\/\/www.mittelalterkraemer.de\/index.php?rest_route=%2Fwp%2Fv2%2Fmedia&parent=10024"}],"wp:term":[{"taxonomy":"product_brand","embeddable":true,"href":"https:\/\/www.mittelalterkraemer.de\/index.php?rest_route=%2Fwp%2Fv2%2Fproduct_brand&post=10024"},{"taxonomy":"product_cat","embeddable":true,"href":"https:\/\/www.mittelalterkraemer.de\/index.php?rest_route=%2Fwp%2Fv2%2Fproduct_cat&post=10024"},{"taxonomy":"product_tag","embeddable":true,"href":"https:\/\/www.mittelalterkraemer.de\/index.php?rest_route=%2Fwp%2Fv2%2Fproduct_tag&post=10024"}],"curies":[{"name":"wp","href":"https:\/\/api.w.org\/{rel}","templated":true}]}}