{"id":10303,"date":"2021-10-04T14:50:27","date_gmt":"2021-10-04T12:50:27","guid":{"rendered":"https:\/\/www.mittelalterkraemer.de\/?post_type=product&#038;p=10303"},"modified":"2026-01-12T14:48:38","modified_gmt":"2026-01-12T13:48:38","slug":"spaetmittelalter-pilgerabzeichen-greif","status":"publish","type":"product","link":"https:\/\/www.mittelalterkraemer.de\/?product=spaetmittelalter-pilgerabzeichen-greif","title":{"rendered":"Sp\u00e4tmittelalter &#8211; Pilgerabzeichen &#8220;Greif&#8221;"},"content":{"rendered":"<p>Ein Pilgerabzeichen aus Zinn.<br \/>\nMa\u00dfe: 3,4 cm auf 3,8 cm<\/p>\n<p><b>Hier handelt es sich um die Nachbildung eines Abzeichens mit der Abbildung eines Greifs.<br \/>\nSolche Pilgerabzeichen sind bei katholischen Pilgern noch heute \u00fcblich. Es handelt sich um eine Art Orden als Auszeichnung f\u00fcr das erfolgreiche Erreichen des Pilgerortes oder wie in diesem Fall einfach um ein Symbol und Gl\u00fccksbringer.<\/b><\/p>\n<p>Der Greif war ein recht verbreitetes Wappensymbol. Der Greif war im Wappen von Edward III. von England. Und auch Ritter Gawain der Tafelrunde trug einen Greif im Wappen.<\/p>\n<p>Man hielt den Greif, wie den Drachen, im ganzen Mittelalter f\u00fcr ein seltenes aber real existierendes Lebewesen. Ausgel\u00f6st wurde dieser Irrglaube von skytischen Nomaden die in der Antike beim Sch\u00fcrfen nach Gold das Skelett eines Protoceratops ausgruben. Einem Landdinosaurier mit Schnabel. Sie hielten ihn f\u00fcr den W\u00e4chter des Goldes.<\/p>\n<p>Gefunden wurde dieses Zinnabzeichen mit dem Greif das hier die Grundlage f\u00fcr die Replik bildete im District Billinsgate in London. Dieses wurde auf 1325-1375 datiert.<\/p>\n<p>Pilgerzeichen an sich sind ab Mitte des 12. Jahrhunderts \u00fcblich.<\/p>\n<p>Offizielle kirchliche Pilgerabzeichen brachte man f\u00fcr gew\u00f6hnlich gut sichtbar an seiner <a href=\"https:\/\/www.mittelalterkraemer.de\/?product=kappe-pillbox-cap-wollmuetze\">Kappe<\/a>, der <a href=\"https:\/\/www.mittelalterkraemer.de\/?product=spaetmittelalter-gugel\">Gugel<\/a>, auf der <a href=\"https:\/\/www.mittelalterkraemer.de\/?product_cat=oberbekleidung-maentel-kleidung-herren\">Oberbekleidung<\/a> an oder auf einer <a href=\"https:\/\/www.mittelalterkraemer.de\/?product_cat=taschen\">Tasche<\/a> an.<br \/>\nAnr\u00fcchige, Libido- oder Fruchtbarkeitsanregende oder auch Liebes und Treue-Abzeichen wurden wohl auch am <a href=\"https:\/\/www.mittelalterkraemer.de\/?product_cat=unterbekleidung\">Untergewand<\/a> angebracht. Eben eher dort wo sie helfen sollten.<\/p>\n<p><span style=\"font-size: 75%;\">Dekorationsartikel geh\u00f6ren nicht zum Lieferumfang. Lieferzeit 3-5 Tage*****.<\/span><\/p>\n<p><span style=\"font-size: 75%;\">***** gilt f\u00fcr Lieferungen innerhalb Deutschlands, Lieferzeiten f\u00fcr andere L\u00e4nder entnehmen Sie bitte der Schaltfl\u00e4che mit den Versandinformationen<\/span><\/p>\n","protected":false},"excerpt":{"rendered":"<p>Ein Pilgerabzeichen aus Zinn. Ma\u00dfe: 3,4 cm auf 3,8 cm Hier handelt es sich um die Nachbildung eines Abzeichens mit der Abbildung eines Greifs. Solche Pilgerabzeichen sind bei katholischen Pilgern noch heute \u00fcblich. Es handelt sich um eine Art Orden als Auszeichnung f\u00fcr das erfolgreiche Erreichen des Pilgerortes oder wie in diesem Fall einfach um [&#8230;]\n","protected":false},"featured_media":10416,"comment_status":"open","ping_status":"closed","template":"","meta":[],"product_brand":[],"product_cat":[77,130],"product_tag":[],"class_list":{"0":"post-10303","1":"product","2":"type-product","3":"status-publish","4":"has-post-thumbnail","6":"product_cat-accessoires","7":"product_cat-geschmeide-sakramentale","8":"product_shipping_class-stdversand","9":"tm-no-options","11":"first","12":"outofstock","13":"featured","14":"taxable","15":"shipping-taxable","16":"purchasable","17":"product-type-simple"},"_links":{"self":[{"href":"https:\/\/www.mittelalterkraemer.de\/index.php?rest_route=\/wp\/v2\/product\/10303","targetHints":{"allow":["GET"]}}],"collection":[{"href":"https:\/\/www.mittelalterkraemer.de\/index.php?rest_route=\/wp\/v2\/product"}],"about":[{"href":"https:\/\/www.mittelalterkraemer.de\/index.php?rest_route=\/wp\/v2\/types\/product"}],"replies":[{"embeddable":true,"href":"https:\/\/www.mittelalterkraemer.de\/index.php?rest_route=%2Fwp%2Fv2%2Fcomments&post=10303"}],"wp:featuredmedia":[{"embeddable":true,"href":"https:\/\/www.mittelalterkraemer.de\/index.php?rest_route=\/wp\/v2\/media\/10416"}],"wp:attachment":[{"href":"https:\/\/www.mittelalterkraemer.de\/index.php?rest_route=%2Fwp%2Fv2%2Fmedia&parent=10303"}],"wp:term":[{"taxonomy":"product_brand","embeddable":true,"href":"https:\/\/www.mittelalterkraemer.de\/index.php?rest_route=%2Fwp%2Fv2%2Fproduct_brand&post=10303"},{"taxonomy":"product_cat","embeddable":true,"href":"https:\/\/www.mittelalterkraemer.de\/index.php?rest_route=%2Fwp%2Fv2%2Fproduct_cat&post=10303"},{"taxonomy":"product_tag","embeddable":true,"href":"https:\/\/www.mittelalterkraemer.de\/index.php?rest_route=%2Fwp%2Fv2%2Fproduct_tag&post=10303"}],"curies":[{"name":"wp","href":"https:\/\/api.w.org\/{rel}","templated":true}]}}