{"id":10915,"date":"2022-09-30T12:29:19","date_gmt":"2022-09-30T11:29:19","guid":{"rendered":"https:\/\/www.mittelalterkraemer.de\/?post_type=product&#038;p=10915"},"modified":"2026-02-23T08:51:50","modified_gmt":"2026-02-23T07:51:50","slug":"spaetmittelalter-hosen-mit-deutschem-schamlatz","status":"publish","type":"product","link":"https:\/\/www.mittelalterkraemer.de\/?product=spaetmittelalter-hosen-mit-deutschem-schamlatz","title":{"rendered":"Sp\u00e4tmittelalter &#8211; Hosen mit deutschem Schamlatz und authentischem Schnitt"},"content":{"rendered":"<p>Hosen aus Wolle mit der f\u00fcr den s\u00fcddeutschen Sprachraum typischen hohen Schamkapsel.<br \/>\nMa\u00dfgeschneidert<br \/>\nHerstellungsdauer 4 &#8211; 6 Wochen<\/p>\n<p>Alle sichtbaren N\u00e4hte und L\u00f6cher sind handvern\u00e4ht.<\/p>\n<p>Wolle &#8211; ca. 370 Gramm pro Quadratmeter<br \/>\nLeinen &#8211; ca. 230 Gramm pro Quadratmeter<\/p>\n<p><b>Die Beinlinge des Hochmittelalters wurden im Sp\u00e4tmittelalter verbunden und die &#8220;Verbundenen Hosen&#8221; waren die erste Alternative zu den einzelnen Hosen des Hochmittelalters.<br \/>\nDie Hosen haben haben wie bei den Beinlingen \u00fcblich Fu\u00dfteile.<br \/>\nDie angesetzten F\u00fc\u00dfe waren vor allem bei Betuchteren \u00fcblich und auch sinnvoll, da die bei ihnen mit Ledersohlen versehen zuhause gleich als Schuhe getragen wurden.<br \/>\nDie Hosen wurden am Wams befestigt.<br \/>\n<\/b><\/p>\n<p><b>Aber wirklich besonders an den bei uns erh\u00e4ltlichen ist die Variante mit der Schamkapsel in der typisch s\u00fcddeutschen Ausf\u00fchrung. In unserer Region war die Schamkapsel deutlich l\u00e4nger als im restlichen Europa und oft am Wams festgenestelt.<\/b><\/p>\n<p><strong>Der Schnitt dieser Hosen lehnt sich an den der ber\u00fchmten Alpirsbacher Hose an und ist am Ges\u00e4\u00df nah am historischen Vorbild orientiert. <\/strong><\/p>\n<p>Die Stelle entpuppte sich in langen Jahren allerdings auch als Schwachstelle, deswegen gibt es auch eine aus der Praxis gewachsene, nicht belegte, aber <a href=\"https:\/\/www.mittelalterkraemer.de\/?product=spaetmittelalter-hosen-mit-schamlatz-2\">stabilere Variante<\/a>.<\/p>\n<p>Die fr\u00fchestens bekannten Beinlinge tr\u00e4gt die Gletschermumie &#8220;\u00d6tzi&#8221;.<br \/>\nDie hier angebotenen v\u00f6llig getrennten Beinpaare die nur mit einem Nestelband an der Brouche oder einem extra daf\u00fcr vorgesehenen Stoffg\u00fcrtel hielten sich genau in der Art bis in Mitte des 15. Jahrhunderts, wie in dem Buch &#8220;Hours of Catherine of Cleeves&#8221; zu sehen.<br \/>\nErst danach wurden die Beine auch miteinander verbunden. Erst mit immer auff\u00e4lliger werdenden Schamkapseln und Nestelb\u00e4ndern und dann irgendwann einfach mit N\u00e4hten. So entstand die Hose.<br \/>\nBeinling ist \u00fcbrigens ein moderne Wortneusch\u00f6pfung die es m\u00f6glich macht die damaligen Hosen (aus einzelnen &#8220;Hosen&#8221;beinen) von den heutigen zu differenzieren. Damals hie\u00df dieses Beinkleid einfach nur Hosen.<\/p>\n<p>Die Hosen werden ohne Nestell\u00f6cher geliefert da die L\u00f6cher entsprechend der Trageweise v\u00f6llig unterschiedlich angebracht sein k\u00f6nnen.<\/p>\n<p><span style=\"font-size: 75%;\">*Ma\u00dfgefertigte Produkte werden individuell auf vom Kunden zur Verf\u00fcgung gestellten Ma\u00dfen angefertigt. Die entsprechende Ma\u00dftabelle wird nach Bestellung an die angegebene E-Mail-Adresse versendet. Die Ma\u00dfe m\u00fcssen so genommen werden wie die Kleidung nachher getragen werden soll, also mit entsprechender Unterw\u00e4sche\/-kleidung, falls gew\u00fcnscht.<\/span><\/p>\n<p><span style=\"font-size: 75%;\">**Komplett handvern\u00e4ht bedeutet dass alle N\u00e4hte von Hand vern\u00e4ht werden, inklusive aller sichtbaren und unsichtbaren N\u00e4hte.<\/span><\/p>\n<p><span style=\"font-size: 75%;\">***Wollstoff aus mindestens 80% Wolle und h\u00f6chstens 20% Polyamid<\/span><\/p>\n","protected":false},"excerpt":{"rendered":"<p>Hosen aus Wolle mit der f\u00fcr den s\u00fcddeutschen Sprachraum typischen hohen Schamkapsel. Ma\u00dfgeschneidert Herstellungsdauer 4 &#8211; 6 Wochen Alle sichtbaren N\u00e4hte und L\u00f6cher sind handvern\u00e4ht. Wolle &#8211; ca. 370 Gramm pro Quadratmeter Leinen &#8211; ca. 230 Gramm pro Quadratmeter Die Beinlinge des Hochmittelalters wurden im Sp\u00e4tmittelalter verbunden und die &#8220;Verbundenen Hosen&#8221; waren die erste Alternative [&#8230;]\n","protected":false},"featured_media":12081,"comment_status":"open","ping_status":"closed","template":"","meta":[],"product_brand":[],"product_cat":[75,87,93],"product_tag":[],"class_list":{"0":"post-10915","1":"product","2":"type-product","3":"status-publish","4":"has-post-thumbnail","6":"product_cat-kleidung-herren","7":"product_cat-unterbekleidung","8":"product_cat-bekleidung-kleidung-herren","9":"product_shipping_class-stdversand","10":"tm-has-options","12":"first","13":"instock","14":"featured","15":"taxable","16":"shipping-taxable","17":"purchasable","18":"product-type-simple"},"_links":{"self":[{"href":"https:\/\/www.mittelalterkraemer.de\/index.php?rest_route=\/wp\/v2\/product\/10915","targetHints":{"allow":["GET"]}}],"collection":[{"href":"https:\/\/www.mittelalterkraemer.de\/index.php?rest_route=\/wp\/v2\/product"}],"about":[{"href":"https:\/\/www.mittelalterkraemer.de\/index.php?rest_route=\/wp\/v2\/types\/product"}],"replies":[{"embeddable":true,"href":"https:\/\/www.mittelalterkraemer.de\/index.php?rest_route=%2Fwp%2Fv2%2Fcomments&post=10915"}],"wp:featuredmedia":[{"embeddable":true,"href":"https:\/\/www.mittelalterkraemer.de\/index.php?rest_route=\/wp\/v2\/media\/12081"}],"wp:attachment":[{"href":"https:\/\/www.mittelalterkraemer.de\/index.php?rest_route=%2Fwp%2Fv2%2Fmedia&parent=10915"}],"wp:term":[{"taxonomy":"product_brand","embeddable":true,"href":"https:\/\/www.mittelalterkraemer.de\/index.php?rest_route=%2Fwp%2Fv2%2Fproduct_brand&post=10915"},{"taxonomy":"product_cat","embeddable":true,"href":"https:\/\/www.mittelalterkraemer.de\/index.php?rest_route=%2Fwp%2Fv2%2Fproduct_cat&post=10915"},{"taxonomy":"product_tag","embeddable":true,"href":"https:\/\/www.mittelalterkraemer.de\/index.php?rest_route=%2Fwp%2Fv2%2Fproduct_tag&post=10915"}],"curies":[{"name":"wp","href":"https:\/\/api.w.org\/{rel}","templated":true}]}}