{"id":10916,"date":"2022-09-30T12:36:17","date_gmt":"2022-09-30T11:36:17","guid":{"rendered":"https:\/\/www.mittelalterkraemer.de\/?post_type=product&#038;p=10916"},"modified":"2026-01-13T13:10:35","modified_gmt":"2026-01-13T12:10:35","slug":"spaetmittelalter-kurze-bruche-2","status":"publish","type":"product","link":"https:\/\/www.mittelalterkraemer.de\/?product=spaetmittelalter-kurze-bruche-2","title":{"rendered":"Sp\u00e4tmittelalter &#8211; Kurze Bruche"},"content":{"rendered":"<p>Eine kurze Bruche aus Leinen in den Farben Wei\u00df (Foto) und Natur.<br \/>\nS: 92-100 cm Brustumfang, 80-88 cm Taillenumfang, 91-98 cm H\u00fcftumfang, K\u00f6rpergr\u00f6\u00dfe 170-176 cm<br \/>\nM: 100-108 cm Brustumfang, 88-96 cm Taillenumfang, 98-105 cm H\u00fcftumfang, K\u00f6rpergr\u00f6\u00dfe 176-182 cm<br \/>\nL: 108-116 cm Brustumfang, 96-104 cm Taillenumfang, 105-112 cm H\u00fcftumfang, K\u00f6rpergr\u00f6\u00dfe 182-188 cm<br \/>\nXL: 116-124 cm Brustumfang, 104-112 cm Taillenumfang, 112-120 cm H\u00fcftumfang, K\u00f6rpergr\u00f6\u00dfe 188-194 cm<br \/>\nXXL: 124-132 cm Brustumfang, 112-120 cm Taillenumfang, 120-128 cm H\u00fcftumfang, K\u00f6rpergr\u00f6\u00dfe 194-200 cm<br \/>\nAlle sichtbaren N\u00e4hte sind handvern\u00e4ht.<\/p>\n<p>Ma\u00dfanfertigungen sind f\u00fcr einen Aufpreis von 20% ebenfalls m\u00f6glich.<br \/>\nWaren auf Ma\u00df sind vom Umtausch ausgeschlossen.<br \/>\nEine Tabelle f\u00fcr die erforderlichen Ma\u00dfe wird von uns nach Zahlungseingang versendet.<br \/>\nHerstellungsdauer dann 4 &#8211; 6 Wochen<\/p>\n<p>Naturfarbene in den Gr\u00f6\u00dfen M-XL sind f\u00fcr gew\u00f6hnlich auf Lager und in 3-5 Tagen lieferbar.<\/p>\n<p>Leinen &#8211; ca. 154 Gramm pro Quadratmeter<\/p>\n<p><b>Eine leinene Bruche, oder auch Brouche, ohne Beine. Diese f\u00fcr das 15. Jh. typische L\u00e4nge der Bruche passt ideal zu den <a href=\"https:\/\/www.mittelalterkraemer.de\/?product=spaetmittelalter-hosen-mit-schamlatz-2\"><u>sp\u00e4tmittelalterlichen Hosen<\/u><\/a>. <\/b><\/p>\n<p>Die Bruche als Unterhose des Mannes war das einzige Kleidungsst\u00fcck des Mittelalters das regelm\u00e4\u00dfig gewaschen wurde. Es gab kein weibliches Gegenst\u00fcck.<br \/>\nIhr Zweck war wie der des Hemds die Wolle der \u00dcbergew\u00e4nder vom K\u00f6rper zu trennen. Eben um das Kratzen der Wolle und deren Verschmutzung von innen heraus durch Schwei\u00df und anderes zu verhindern.<br \/>\nDie Bruche als Kleidungsst\u00fcck hatten alle M\u00e4nner des Mittelalters gemeinsam. Egal was sie sonst trugen.<\/p>\n<p><span style=\"font-size: 75%;\">Dekorationsartikel geh\u00f6ren nicht zum Lieferumfang<\/span><\/p>\n<p><span style=\"font-size: 75%;\">*Ma\u00dfgefertigte Produkte werden individuell auf vom Kunden zur Verf\u00fcgung gestellten Ma\u00dfen angefertigt. Die entsprechende Ma\u00dftabelle wird nach Bestellung an die angegebene E-Mail-Adresse versendet. Die Ma\u00dfe m\u00fcssen so genommen werden wie die Kleidung nachher getragen werden soll, also mit entsprechender Unterw\u00e4sche\/-kleidung, falls gew\u00fcnscht.<\/span><\/p>\n<p><span style=\"font-size: 75%;\">**Komplett handvern\u00e4ht bedeutet dass alle N\u00e4hte von Hand vern\u00e4ht werden, inklusive aller sichtbaren und unsichtbaren N\u00e4hte.<\/span><\/p>\n","protected":false},"excerpt":{"rendered":"<p>Eine kurze Bruche aus Leinen in den Farben Wei\u00df (Foto) und Natur. S: 92-100 cm Brustumfang, 80-88 cm Taillenumfang, 91-98 cm H\u00fcftumfang, K\u00f6rpergr\u00f6\u00dfe 170-176 cm M: 100-108 cm Brustumfang, 88-96 cm Taillenumfang, 98-105 cm H\u00fcftumfang, K\u00f6rpergr\u00f6\u00dfe 176-182 cm L: 108-116 cm Brustumfang, 96-104 cm Taillenumfang, 105-112 cm H\u00fcftumfang, K\u00f6rpergr\u00f6\u00dfe 182-188 cm XL: 116-124 cm Brustumfang, [&#8230;]\n","protected":false},"featured_media":11221,"comment_status":"open","ping_status":"closed","template":"","meta":[],"product_brand":[],"product_cat":[75,87],"product_tag":[],"class_list":{"0":"post-10916","1":"product","2":"type-product","3":"status-publish","4":"has-post-thumbnail","6":"product_cat-kleidung-herren","7":"product_cat-unterbekleidung","8":"product_shipping_class-stdversand","9":"tm-has-options","11":"first","12":"instock","13":"featured","14":"taxable","15":"shipping-taxable","16":"purchasable","17":"product-type-variable"},"_links":{"self":[{"href":"https:\/\/www.mittelalterkraemer.de\/index.php?rest_route=\/wp\/v2\/product\/10916","targetHints":{"allow":["GET"]}}],"collection":[{"href":"https:\/\/www.mittelalterkraemer.de\/index.php?rest_route=\/wp\/v2\/product"}],"about":[{"href":"https:\/\/www.mittelalterkraemer.de\/index.php?rest_route=\/wp\/v2\/types\/product"}],"replies":[{"embeddable":true,"href":"https:\/\/www.mittelalterkraemer.de\/index.php?rest_route=%2Fwp%2Fv2%2Fcomments&post=10916"}],"wp:featuredmedia":[{"embeddable":true,"href":"https:\/\/www.mittelalterkraemer.de\/index.php?rest_route=\/wp\/v2\/media\/11221"}],"wp:attachment":[{"href":"https:\/\/www.mittelalterkraemer.de\/index.php?rest_route=%2Fwp%2Fv2%2Fmedia&parent=10916"}],"wp:term":[{"taxonomy":"product_brand","embeddable":true,"href":"https:\/\/www.mittelalterkraemer.de\/index.php?rest_route=%2Fwp%2Fv2%2Fproduct_brand&post=10916"},{"taxonomy":"product_cat","embeddable":true,"href":"https:\/\/www.mittelalterkraemer.de\/index.php?rest_route=%2Fwp%2Fv2%2Fproduct_cat&post=10916"},{"taxonomy":"product_tag","embeddable":true,"href":"https:\/\/www.mittelalterkraemer.de\/index.php?rest_route=%2Fwp%2Fv2%2Fproduct_tag&post=10916"}],"curies":[{"name":"wp","href":"https:\/\/api.w.org\/{rel}","templated":true}]}}