{"id":11197,"date":"2022-09-30T13:21:34","date_gmt":"2022-09-30T12:21:34","guid":{"rendered":"https:\/\/www.mittelalterkraemer.de\/?post_type=product&#038;p=11197"},"modified":"2026-01-12T14:44:12","modified_gmt":"2026-01-12T13:44:12","slug":"spaetmittelalter-zinnenhut-aus-filz","status":"publish","type":"product","link":"https:\/\/www.mittelalterkraemer.de\/?product=spaetmittelalter-zinnenhut-aus-filz","title":{"rendered":"Sp\u00e4tmittelalter &#8211; Zinnenhut aus Filz"},"content":{"rendered":"<p>M\u00fctze aus Wolle mit Leinen gef\u00fcttert.<br \/>\nMa\u00dfgefertigt und alle sichtbaren N\u00e4hte handvern\u00e4ht.*<br \/>\nKopfumfang bitte bei der Bestellung mit angeben.<\/p>\n<p>Alle\u00a0<a href=\"http:\/\/www.mittelalterkraemer.de\/?page_id=8722\"><u>Wollfarben<\/u><\/a>\u00a0die zur Auswahl stehen sind hier zu sehen.<\/p>\n<p>Wolle &#8211; ca. 370 Gramm pro Quadratmeter<\/p>\n<p><b>Eine M\u00fctze oder Kappe aus Wollfilz und mit den im Sp\u00e4tmittelalter typisch stark ausgepr\u00e4gten Zinnen, die Mode begann jedoch dezenter bereits im 13. Jahrhundert.\u00a0<\/b><\/p>\n<p><span style=\"font-size: 75%;\">Dekorationsartikel geh\u00f6ren nicht zum Lieferumfang<\/span><\/p>\n<p><span style=\"font-size: 75%;\">*Ma\u00dfgefertigte Produkte werden individuell auf vom Kunden zur Verf\u00fcgung gestellten Ma\u00dfen angefertigt. Die entsprechende Ma\u00dftabelle wird nach Bestellung an die angegebene E-Mail-Adresse versendet. Die Ma\u00dfe m\u00fcssen so genommen werden wie die Kleidung nachher getragen werden soll, also mit entsprechender Unterw\u00e4sche\/-kleidung, falls gew\u00fcnscht.<\/span><\/p>\n<p><span style=\"font-size: 75%;\">***Wollstoff aus mindestens 80% Wolle und h\u00f6chstens 20% Polyamid<\/span><\/p>\n","protected":false},"excerpt":{"rendered":"<p>M\u00fctze aus Wolle mit Leinen gef\u00fcttert. Ma\u00dfgefertigt und alle sichtbaren N\u00e4hte handvern\u00e4ht.* Kopfumfang bitte bei der Bestellung mit angeben. Alle\u00a0Wollfarben\u00a0die zur Auswahl stehen sind hier zu sehen. Wolle &#8211; ca. 370 Gramm pro Quadratmeter Eine M\u00fctze oder Kappe aus Wollfilz und mit den im Sp\u00e4tmittelalter typisch stark ausgepr\u00e4gten Zinnen, die Mode begann jedoch dezenter bereits [&#8230;]\n","protected":false},"featured_media":11216,"comment_status":"open","ping_status":"closed","template":"","meta":[],"product_brand":[],"product_cat":[74,75,91,95],"product_tag":[],"class_list":{"0":"post-11197","1":"product","2":"type-product","3":"status-publish","4":"has-post-thumbnail","6":"product_cat-kleidung-damen","7":"product_cat-kleidung-herren","8":"product_cat-kopfbedeckungen","9":"product_cat-kopfbedeckungen-kleidung-herren","10":"tm-has-options","12":"first","13":"instock","14":"taxable","15":"shipping-taxable","16":"purchasable","17":"product-type-variable"},"_links":{"self":[{"href":"https:\/\/www.mittelalterkraemer.de\/index.php?rest_route=\/wp\/v2\/product\/11197","targetHints":{"allow":["GET"]}}],"collection":[{"href":"https:\/\/www.mittelalterkraemer.de\/index.php?rest_route=\/wp\/v2\/product"}],"about":[{"href":"https:\/\/www.mittelalterkraemer.de\/index.php?rest_route=\/wp\/v2\/types\/product"}],"replies":[{"embeddable":true,"href":"https:\/\/www.mittelalterkraemer.de\/index.php?rest_route=%2Fwp%2Fv2%2Fcomments&post=11197"}],"wp:featuredmedia":[{"embeddable":true,"href":"https:\/\/www.mittelalterkraemer.de\/index.php?rest_route=\/wp\/v2\/media\/11216"}],"wp:attachment":[{"href":"https:\/\/www.mittelalterkraemer.de\/index.php?rest_route=%2Fwp%2Fv2%2Fmedia&parent=11197"}],"wp:term":[{"taxonomy":"product_brand","embeddable":true,"href":"https:\/\/www.mittelalterkraemer.de\/index.php?rest_route=%2Fwp%2Fv2%2Fproduct_brand&post=11197"},{"taxonomy":"product_cat","embeddable":true,"href":"https:\/\/www.mittelalterkraemer.de\/index.php?rest_route=%2Fwp%2Fv2%2Fproduct_cat&post=11197"},{"taxonomy":"product_tag","embeddable":true,"href":"https:\/\/www.mittelalterkraemer.de\/index.php?rest_route=%2Fwp%2Fv2%2Fproduct_tag&post=11197"}],"curies":[{"name":"wp","href":"https:\/\/api.w.org\/{rel}","templated":true}]}}