{"id":11506,"date":"2023-04-18T12:42:57","date_gmt":"2023-04-18T11:42:57","guid":{"rendered":"https:\/\/www.mittelalterkraemer.de\/?post_type=product&#038;p=11506"},"modified":"2026-01-13T11:55:28","modified_gmt":"2026-01-13T10:55:28","slug":"wollmantel-aus-einem-halbkreis-mit-fuetterung","status":"publish","type":"product","link":"https:\/\/www.mittelalterkraemer.de\/?product=wollmantel-aus-einem-halbkreis-mit-fuetterung","title":{"rendered":"Wollmantel aus einem Halbkreis mit F\u00fctterung"},"content":{"rendered":"<p>Ein halber Radmantel, das hei\u00dft aus einem Halbkreis und aus einem St\u00fcck Stoff gefertigt, aus Wollstoff mit Leinenf\u00fctterung<br \/>\nL\u00e4nge: 120 cm<br \/>\nAlle <a href=\"http:\/\/www.mittelalterkraemer.de\/?page_id=8722\"><u>Farben<\/u><\/a> bei einer Lieferzeit von 4 &#8211; 6 Wochen m\u00f6glich.<\/p>\n<p>Alle sichtbaren N\u00e4hte handvern\u00e4ht.<\/p>\n<p>Wolle &#8211; ca. 370 Gramm pro Quadratmeter<br \/>\nLeinen &#8211; ca. 230 Gramm pro Quadratmeter<\/p>\n<p><b>Ein Mantel in seiner urspr\u00fcnglichsten Form aus einem halben Kreis geschnitten, somit aus einem St\u00fcck gearbeitet, und mit einer Aussparung f\u00fcr den Hals versehen. Der Mantel wird um den Hals auf die Schultern gelegt und mit einer Schnur geschlossen (hier mitgeliefert). Er kann nat\u00fcrlich auch mit einer Fibel oder einem F\u00fcrspann geschlossen werden.<\/b><\/p>\n<p>M\u00e4ntel waren mehr als andere Kleidungsst\u00fcck auch Statussymbol. So trugen K\u00f6nige M\u00e4ntel die mit Purpur der namensgebenden Schnecken gef\u00e4rbt waren oder mit Hermelinfellen verziert wurden.<\/p>\n<p>Die L\u00e4nge und der Anteil eines Kreises (Ganz, 3\/4 oder 1\/2 Kreis) h\u00e4ngt schlicht davon ab wie betucht, also wie reich, der Tr\u00e4ger ist. Es ging uns bei diesem Angebot um den Schutz vor Wind und Wetter. Dieser Mantel w\u00e4rmt und h\u00e4lt einen trocken, was wichtig ist, da sich das Leben der Mittelalterdarsteller wie das der Menschen im Mittelalter vorwiegend drau\u00dfen abspielt.<\/p>\n<p>M\u00e4ntel, als vorwiegend praktische Alltagsgegenst\u00e4nde, waren f\u00fcr M\u00e4nner und Frauen gleich gearbeitet. F\u00fcr &#8220;Betuchtere&#8221; gab es auch andersfarbig gef\u00fctterte Exemplare (wie wir das von den Cotten her kennen).<\/p>\n<p><span style=\"font-size: 75%;\">Dekorationsartikel geh\u00f6ren nicht zum Lieferumfang<\/span><\/p>\n<p><span style=\"font-size: 75%;\">*Ma\u00dfgefertigte Produkte werden individuell auf vom Kunden zur Verf\u00fcgung gestellten Ma\u00dfen angefertigt. Die entsprechende Ma\u00dftabelle wird nach Bestellung an die angegebene E-Mail-Adresse versendet. Die Ma\u00dfe m\u00fcssen so genommen werden wie die Kleidung nachher getragen werden soll, also mit entsprechender Unterw\u00e4sche\/-kleidung, falls gew\u00fcnscht.<\/span><\/p>\n<p><span style=\"font-size: 75%;\">**Komplett handvern\u00e4ht bedeutet dass alle N\u00e4hte von Hand vern\u00e4ht werden, inklusive aller sichtbaren und unsichtbaren N\u00e4hte.<\/span><\/p>\n<p><span style=\"font-size: 75%;\">***Wollstoff aus mindestens 80% Wolle und h\u00f6chstens 20% Polyamid<\/span><\/p>\n<p>&nbsp;<\/p>\n","protected":false},"excerpt":{"rendered":"<p>Ein halber Radmantel, das hei\u00dft aus einem Halbkreis und aus einem St\u00fcck Stoff gefertigt, aus Wollstoff mit Leinenf\u00fctterung L\u00e4nge: 120 cm Alle Farben bei einer Lieferzeit von 4 &#8211; 6 Wochen m\u00f6glich. Alle sichtbaren N\u00e4hte handvern\u00e4ht. Wolle &#8211; ca. 370 Gramm pro Quadratmeter Leinen &#8211; ca. 230 Gramm pro Quadratmeter Ein Mantel in seiner urspr\u00fcnglichsten [&#8230;]\n","protected":false},"featured_media":11512,"comment_status":"open","ping_status":"closed","template":"","meta":[],"product_brand":[],"product_cat":[74,75,90,94],"product_tag":[],"class_list":{"0":"post-11506","1":"product","2":"type-product","3":"status-publish","4":"has-post-thumbnail","6":"product_cat-kleidung-damen","7":"product_cat-kleidung-herren","8":"product_cat-oberbekleidung-maentel","9":"product_cat-oberbekleidung-maentel-kleidung-herren","10":"product_shipping_class-stdversand","11":"tm-has-options","13":"first","14":"instock","15":"featured","16":"taxable","17":"shipping-taxable","18":"purchasable","19":"product-type-simple"},"_links":{"self":[{"href":"https:\/\/www.mittelalterkraemer.de\/index.php?rest_route=\/wp\/v2\/product\/11506","targetHints":{"allow":["GET"]}}],"collection":[{"href":"https:\/\/www.mittelalterkraemer.de\/index.php?rest_route=\/wp\/v2\/product"}],"about":[{"href":"https:\/\/www.mittelalterkraemer.de\/index.php?rest_route=\/wp\/v2\/types\/product"}],"replies":[{"embeddable":true,"href":"https:\/\/www.mittelalterkraemer.de\/index.php?rest_route=%2Fwp%2Fv2%2Fcomments&post=11506"}],"wp:featuredmedia":[{"embeddable":true,"href":"https:\/\/www.mittelalterkraemer.de\/index.php?rest_route=\/wp\/v2\/media\/11512"}],"wp:attachment":[{"href":"https:\/\/www.mittelalterkraemer.de\/index.php?rest_route=%2Fwp%2Fv2%2Fmedia&parent=11506"}],"wp:term":[{"taxonomy":"product_brand","embeddable":true,"href":"https:\/\/www.mittelalterkraemer.de\/index.php?rest_route=%2Fwp%2Fv2%2Fproduct_brand&post=11506"},{"taxonomy":"product_cat","embeddable":true,"href":"https:\/\/www.mittelalterkraemer.de\/index.php?rest_route=%2Fwp%2Fv2%2Fproduct_cat&post=11506"},{"taxonomy":"product_tag","embeddable":true,"href":"https:\/\/www.mittelalterkraemer.de\/index.php?rest_route=%2Fwp%2Fv2%2Fproduct_tag&post=11506"}],"curies":[{"name":"wp","href":"https:\/\/api.w.org\/{rel}","templated":true}]}}