{"id":12008,"date":"2023-12-04T08:42:16","date_gmt":"2023-12-04T07:42:16","guid":{"rendered":"https:\/\/www.mittelalterkraemer.de\/?post_type=product&#038;p=12008"},"modified":"2026-01-12T14:49:04","modified_gmt":"2026-01-12T13:49:04","slug":"nestelschnur-als-meterware","status":"publish","type":"product","link":"https:\/\/www.mittelalterkraemer.de\/?product=nestelschnur-als-meterware","title":{"rendered":"Nestelschnur als Meterware"},"content":{"rendered":"<p>Ein handgeflochtenes Nestelband aus Leinenfaden.<\/p>\n<p>Preis pro Meter, in jeder beliebigen L\u00e4nge lieferbar.<\/p>\n<p>Sind drei Meter gew\u00fcnscht, Farbe ausw\u00e4hlen und dreimal das Produkt bestellen. (Sollten 3 einzelne Meterst\u00fccke gew\u00fcnscht sein, bitte bei der Bestellung angeben)<\/p>\n<p>Alle <a href=\"http:\/\/www.mittelalterkraemer.de\/?page_id=8707\"><u>Farben<\/u><\/a> bei einer Lieferzeit von 6 &#8211; 12 Wochen m\u00f6glich.<\/p>\n<p><b>Mit derartigen Nestelb\u00e4nder wurde Kleidung geschlossen, Kleidungsteile angebracht (\u00c4rmel) und ganze Kleidungsst\u00fccke befestigt.<\/b><\/p>\n<p>Wie zum Beispiel auf Folio 35 verso in der Maciejowski-Bibel wo der Verwundete seine Beinlinge mit Nestelb\u00e4ndern an der Bruche anbrachte.<\/p>\n<p><span style=\"font-size: 75%;\">Dekorationsartikel geh\u00f6ren nicht zum Lieferumfang<\/span><\/p>\n","protected":false},"excerpt":{"rendered":"<p>Ein handgeflochtenes Nestelband aus Leinenfaden. Preis pro Meter, in jeder beliebigen L\u00e4nge lieferbar. Sind drei Meter gew\u00fcnscht, Farbe ausw\u00e4hlen und dreimal das Produkt bestellen. (Sollten 3 einzelne Meterst\u00fccke gew\u00fcnscht sein, bitte bei der Bestellung angeben) Alle Farben bei einer Lieferzeit von 6 &#8211; 12 Wochen m\u00f6glich. Mit derartigen Nestelb\u00e4nder wurde Kleidung geschlossen, Kleidungsteile angebracht (\u00c4rmel) [&#8230;]\n","protected":false},"featured_media":12025,"comment_status":"open","ping_status":"closed","template":"","meta":[],"product_brand":[],"product_cat":[75,77,85,129],"product_tag":[],"class_list":{"0":"post-12008","1":"product","2":"type-product","3":"status-publish","4":"has-post-thumbnail","6":"product_cat-kleidung-herren","7":"product_cat-accessoires","8":"product_cat-bastelbedarf","9":"product_cat-guertel-baender","10":"product_shipping_class-stdversand","11":"tm-has-options","13":"first","14":"instock","15":"featured","16":"taxable","17":"shipping-taxable","18":"purchasable","19":"product-type-simple"},"_links":{"self":[{"href":"https:\/\/www.mittelalterkraemer.de\/index.php?rest_route=\/wp\/v2\/product\/12008","targetHints":{"allow":["GET"]}}],"collection":[{"href":"https:\/\/www.mittelalterkraemer.de\/index.php?rest_route=\/wp\/v2\/product"}],"about":[{"href":"https:\/\/www.mittelalterkraemer.de\/index.php?rest_route=\/wp\/v2\/types\/product"}],"replies":[{"embeddable":true,"href":"https:\/\/www.mittelalterkraemer.de\/index.php?rest_route=%2Fwp%2Fv2%2Fcomments&post=12008"}],"wp:featuredmedia":[{"embeddable":true,"href":"https:\/\/www.mittelalterkraemer.de\/index.php?rest_route=\/wp\/v2\/media\/12025"}],"wp:attachment":[{"href":"https:\/\/www.mittelalterkraemer.de\/index.php?rest_route=%2Fwp%2Fv2%2Fmedia&parent=12008"}],"wp:term":[{"taxonomy":"product_brand","embeddable":true,"href":"https:\/\/www.mittelalterkraemer.de\/index.php?rest_route=%2Fwp%2Fv2%2Fproduct_brand&post=12008"},{"taxonomy":"product_cat","embeddable":true,"href":"https:\/\/www.mittelalterkraemer.de\/index.php?rest_route=%2Fwp%2Fv2%2Fproduct_cat&post=12008"},{"taxonomy":"product_tag","embeddable":true,"href":"https:\/\/www.mittelalterkraemer.de\/index.php?rest_route=%2Fwp%2Fv2%2Fproduct_tag&post=12008"}],"curies":[{"name":"wp","href":"https:\/\/api.w.org\/{rel}","templated":true}]}}