{"id":12498,"date":"2024-06-12T09:34:10","date_gmt":"2024-06-12T08:34:10","guid":{"rendered":"https:\/\/www.mittelalterkraemer.de\/?post_type=product&#038;p=12498"},"modified":"2026-01-13T10:57:59","modified_gmt":"2026-01-13T09:57:59","slug":"einfaches-langes-hemd-mit-kragen","status":"publish","type":"product","link":"https:\/\/www.mittelalterkraemer.de\/?product=einfaches-langes-hemd-mit-kragen","title":{"rendered":"Einfaches langes Hemd mit rundem Kragen"},"content":{"rendered":"<p>Ein einfaches langes Hemd mit rundem Kragen aus Leinen in den Farben Natur (Bild) und Wei\u00df.<\/p>\n<p>S: 92-100 cm Brustumfang, 80-88 cm Taillenumfang, 91-98 cm H\u00fcftumfang, K\u00f6rpergr\u00f6\u00dfe 170-176 cm<br \/>\nM: 100-108 cm Brustumfang, 88-96 cm Taillenumfang, 98-105 cm H\u00fcftumfang, K\u00f6rpergr\u00f6\u00dfe 176-182 cm<br \/>\nL: 108-116 cm Brustumfang, 96-104 cm Taillenumfang, 105-112 cm H\u00fcftumfang, K\u00f6rpergr\u00f6\u00dfe 182-188 cm<br \/>\nXL: 116-124 cm Brustumfang, 104-112 cm Taillenumfang, 112-120 cm H\u00fcftumfang, K\u00f6rpergr\u00f6\u00dfe 188-194 cm<br \/>\nXXL: 124-132 cm Brustumfang, 112-120 cm Taillenumfang, 120-128 cm H\u00fcftumfang, K\u00f6rpergr\u00f6\u00dfe 194-200 cm<br \/>\nDie L\u00e4nge des Gewandes in den Gr\u00f6\u00dfen M und L betr\u00e4gt ungef\u00e4hr ca, 108 cm. Die \u00c4rmell\u00e4nge ca. 56 cm.<br \/>\nDie L\u00e4nge in der Gr\u00f6\u00dfe XL betr\u00e4gt ungef\u00e4hr 116 cm. Die \u00c4rmell\u00e4nge ca. 63 cm.<\/p>\n<p>In 4-6 Wochen lieferbar.<\/p>\n<p>Alle sichtbaren N\u00e4hte sind handvern\u00e4ht.<\/p>\n<p>Ma\u00dfanfertigungen sind f\u00fcr einen Aufpreis von 20% ebenfalls m\u00f6glich.<br \/>\nWaren auf Ma\u00df sind vom Umtausch ausgeschlossen.<br \/>\nEine Tabelle f\u00fcr die erforderlichen Ma\u00dfe wird von uns nach Zahlungseingang versendet.<\/p>\n<p>Leinen &#8211; ca. 154 Gramm pro Quadratmeter<\/p>\n<p><b>Dieses Hemden hat lange \u00c4rmel und reicht bis knapp \u00fcber die Knie. Der Ausschnitt ist rund und einfach. So eignet sich dieses Hemd super unter die Cottas ohne Reitschlitz und f\u00fcr einfachere, vielleicht b\u00e4uerliche, Darstellung. An den Seiten sind bei dem Hemd Keile ausgeschnitten, damit man volle Bewegungsfreiheit hat.<\/b><\/p>\n<p>Das leinene Leibhemd wurde als eine Art Unterhemd direkt auf der Haut getragen. Es sch\u00fctzte wie die Bruche die Oberbekleidung aus Wolle vor dem Schwitzen und wurde Tag und Nacht getragen.<br \/>\nDas Hemd als Kleidungsst\u00fcck hatten alle Menschen des Mittelalters egal welchen Standes gemeinsam. Die Hemden der Damen waren lediglich l\u00e4nger und reichten bis zu den Kn\u00f6cheln.<\/p>\n<p><span style=\"font-size: 75%;\">Dekorationsartikel geh\u00f6ren nicht zum Lieferumfang<\/span><\/p>\n<p><span style=\"font-size: 75%;\">*Ma\u00dfgefertigte Produkte werden individuell auf vom Kunden zur Verf\u00fcgung gestellten Ma\u00dfen angefertigt. Die entsprechende Ma\u00dftabelle wird nach Bestellung an die angegebene E-Mail-Adresse versendet. Die Ma\u00dfe m\u00fcssen so genommen werden wie die Kleidung nachher getragen werden soll, also mit entsprechender Unterw\u00e4sche\/-kleidung, falls gew\u00fcnscht.<\/span><\/p>\n<p><span style=\"font-size: 75%;\">**Komplett handvern\u00e4ht bedeutet dass alle N\u00e4hte von Hand vern\u00e4ht werden, inklusive aller sichtbaren und unsichtbaren N\u00e4hte.<\/span><\/p>\n","protected":false},"excerpt":{"rendered":"<p>Ein einfaches langes Hemd mit rundem Kragen aus Leinen in den Farben Natur (Bild) und Wei\u00df. S: 92-100 cm Brustumfang, 80-88 cm Taillenumfang, 91-98 cm H\u00fcftumfang, K\u00f6rpergr\u00f6\u00dfe 170-176 cm M: 100-108 cm Brustumfang, 88-96 cm Taillenumfang, 98-105 cm H\u00fcftumfang, K\u00f6rpergr\u00f6\u00dfe 176-182 cm L: 108-116 cm Brustumfang, 96-104 cm Taillenumfang, 105-112 cm H\u00fcftumfang, K\u00f6rpergr\u00f6\u00dfe 182-188 cm [&#8230;]\n","protected":false},"featured_media":12503,"comment_status":"open","ping_status":"closed","template":"","meta":[],"product_brand":[],"product_cat":[75,87],"product_tag":[],"class_list":{"0":"post-12498","1":"product","2":"type-product","3":"status-publish","4":"has-post-thumbnail","6":"product_cat-kleidung-herren","7":"product_cat-unterbekleidung","8":"product_shipping_class-stdversand","9":"tm-has-options","11":"first","12":"instock","13":"featured","14":"taxable","15":"shipping-taxable","16":"purchasable","17":"product-type-variable"},"_links":{"self":[{"href":"https:\/\/www.mittelalterkraemer.de\/index.php?rest_route=\/wp\/v2\/product\/12498","targetHints":{"allow":["GET"]}}],"collection":[{"href":"https:\/\/www.mittelalterkraemer.de\/index.php?rest_route=\/wp\/v2\/product"}],"about":[{"href":"https:\/\/www.mittelalterkraemer.de\/index.php?rest_route=\/wp\/v2\/types\/product"}],"replies":[{"embeddable":true,"href":"https:\/\/www.mittelalterkraemer.de\/index.php?rest_route=%2Fwp%2Fv2%2Fcomments&post=12498"}],"wp:featuredmedia":[{"embeddable":true,"href":"https:\/\/www.mittelalterkraemer.de\/index.php?rest_route=\/wp\/v2\/media\/12503"}],"wp:attachment":[{"href":"https:\/\/www.mittelalterkraemer.de\/index.php?rest_route=%2Fwp%2Fv2%2Fmedia&parent=12498"}],"wp:term":[{"taxonomy":"product_brand","embeddable":true,"href":"https:\/\/www.mittelalterkraemer.de\/index.php?rest_route=%2Fwp%2Fv2%2Fproduct_brand&post=12498"},{"taxonomy":"product_cat","embeddable":true,"href":"https:\/\/www.mittelalterkraemer.de\/index.php?rest_route=%2Fwp%2Fv2%2Fproduct_cat&post=12498"},{"taxonomy":"product_tag","embeddable":true,"href":"https:\/\/www.mittelalterkraemer.de\/index.php?rest_route=%2Fwp%2Fv2%2Fproduct_tag&post=12498"}],"curies":[{"name":"wp","href":"https:\/\/api.w.org\/{rel}","templated":true}]}}