{"id":13912,"date":"2026-04-13T11:54:17","date_gmt":"2026-04-13T10:54:17","guid":{"rendered":"https:\/\/www.mittelalterkraemer.de\/?post_type=product&#038;p=13912"},"modified":"2026-04-23T16:10:43","modified_gmt":"2026-04-23T15:10:43","slug":"antike-roemische-unter-tunika-aus-leinen","status":"publish","type":"product","link":"https:\/\/www.mittelalterkraemer.de\/?product=antike-roemische-unter-tunika-aus-leinen","title":{"rendered":"Antike &#8211; R\u00f6mische Unter-Tunika aus Leinen"},"content":{"rendered":"<p>Eine Tunika aus Leinenstoff nach r\u00f6mischen Vorbild<br \/>\nS: 92-100 cm Brustumfang, 80-88 cm Taillenumfang, 91-98 cm H\u00fcftumfang, K\u00f6rpergr\u00f6\u00dfe 170-176 cm<br \/>\nM: 100-108 cm Brustumfang, 88-96 cm Taillenumfang, 98-105 cm H\u00fcftumfang, K\u00f6rpergr\u00f6\u00dfe 176-182 cm<br \/>\nL: 108-116 cm Brustumfang, 96-104 cm Taillenumfang, 105-112 cm H\u00fcftumfang, K\u00f6rpergr\u00f6\u00dfe 182-188 cm<br \/>\nXL: 116-124 cm Brustumfang, 104-112 cm Taillenumfang, 112-120 cm H\u00fcftumfang, K\u00f6rpergr\u00f6\u00dfe 188-194 cm<br \/>\nXXL: 124-132 cm Brustumfang, 112-120 cm Taillenumfang, 120-128 cm H\u00fcftumfang, K\u00f6rpergr\u00f6\u00dfe 194-200 cm<\/p>\n<p>Die L\u00e4nge des Gewandes betr\u00e4gt 125 cm.<\/p>\n<p>Alle <a href=\"http:\/\/www.mittelalterkraemer.de\/?page_id=8707\"><u>Farben<\/u><\/a> bei einer Lieferzeit von 6 &#8211; 12 Wochen m\u00f6glich.<\/p>\n<p>Die Unterw\u00e4sche f\u00fcr diese r\u00f6mische <a href=\"https:\/\/www.mittelalterkraemer.de\/?product=antike-roemische-tunika-aus-wollstoff\">Tunika<\/a>.<\/p>\n<p>Ma\u00dfanfertigungen sind f\u00fcr einen Aufpreis von 20% ebenfalls m\u00f6glich.<br \/>\nWaren auf Ma\u00df sind vom Umtausch ausgeschlossen.<br \/>\nEine Tabelle f\u00fcr die erforderlichen Ma\u00dfe wird von uns nach Zahlungseingang versendet.<\/p>\n<p>Alle sichtbaren N\u00e4hte handvern\u00e4ht.<\/p>\n<p>Leinen &#8211; ca. 230 Gramm pro Quadratmeter<\/p>\n<p><b>Die Tunika aus Leinen wurde in der Art von allen Bewohnern des r\u00f6mischen Einflussgebietes in der Antike als Untergewand unter der Wolltunika getragen. Vor allem wegen dem angenehmen Hautgef\u00fchl und der Eigenschaft von Leinen schnell zu trocknen. Sie sorgt mit den weiten \u00c4rmeln\u00a0 und dem weiten Schnitt f\u00fcr maximale Bewegungsfreiheit und Bequemlichkeit.<br \/>\nSie hat lange \u00c4rmel und reicht bis fast zur Mitte der Schienbeine. Sie ist aus Leinen gefertigt und ungef\u00fcttert.<br \/>\nDer Schnitt einer antiken Tunika ist einfach und besteht aus einer rechteckigen Vorder- und R\u00fcckseite. Sie hat zudem einen weiten runden Ausschnitt der das \u00dcberziehen erleichtert.<\/b><\/p>\n<p><span style=\"font-size: 75%;\">Dekorationsartikel geh\u00f6ren nicht zum Lieferumfang<\/span><\/p>\n<p><span style=\"font-size: 75%;\">*Ma\u00dfgefertigte Produkte werden individuell auf vom Kunden zur Verf\u00fcgung gestellten Ma\u00dfen angefertigt. Die entsprechende Ma\u00dftabelle wird nach Bestellung an die angegebene E-Mail-Adresse versendet. Die Ma\u00dfe m\u00fcssen so genommen werden wie die Kleidung nachher getragen werden soll, also mit entsprechender Unterw\u00e4sche\/-kleidung, falls gew\u00fcnscht.<\/span><\/p>\n<p><span style=\"font-size: 75%;\">**Komplett handvern\u00e4ht bedeutet dass alle N\u00e4hte von Hand vern\u00e4ht werden, inklusive aller sichtbaren und unsichtbaren N\u00e4hte.<\/span><\/p>\n","protected":false},"excerpt":{"rendered":"<p>Eine Tunika aus Leinenstoff nach r\u00f6mischen Vorbild S: 92-100 cm Brustumfang, 80-88 cm Taillenumfang, 91-98 cm H\u00fcftumfang, K\u00f6rpergr\u00f6\u00dfe 170-176 cm M: 100-108 cm Brustumfang, 88-96 cm Taillenumfang, 98-105 cm H\u00fcftumfang, K\u00f6rpergr\u00f6\u00dfe 176-182 cm L: 108-116 cm Brustumfang, 96-104 cm Taillenumfang, 105-112 cm H\u00fcftumfang, K\u00f6rpergr\u00f6\u00dfe 182-188 cm XL: 116-124 cm Brustumfang, 104-112 cm Taillenumfang, 112-120 cm [&#8230;]\n","protected":false},"featured_media":14696,"comment_status":"open","ping_status":"closed","template":"","meta":[],"product_brand":[],"product_cat":[75,93],"product_tag":[],"class_list":{"0":"post-13912","1":"product","2":"type-product","3":"status-publish","4":"has-post-thumbnail","6":"product_cat-kleidung-herren","7":"product_cat-bekleidung-kleidung-herren","8":"product_shipping_class-stdversand","9":"tm-has-options","11":"first","12":"instock","13":"featured","14":"taxable","15":"shipping-taxable","16":"purchasable","17":"product-type-variable","18":"has-default-attributes"},"_links":{"self":[{"href":"https:\/\/www.mittelalterkraemer.de\/index.php?rest_route=\/wp\/v2\/product\/13912","targetHints":{"allow":["GET"]}}],"collection":[{"href":"https:\/\/www.mittelalterkraemer.de\/index.php?rest_route=\/wp\/v2\/product"}],"about":[{"href":"https:\/\/www.mittelalterkraemer.de\/index.php?rest_route=\/wp\/v2\/types\/product"}],"replies":[{"embeddable":true,"href":"https:\/\/www.mittelalterkraemer.de\/index.php?rest_route=%2Fwp%2Fv2%2Fcomments&post=13912"}],"wp:featuredmedia":[{"embeddable":true,"href":"https:\/\/www.mittelalterkraemer.de\/index.php?rest_route=\/wp\/v2\/media\/14696"}],"wp:attachment":[{"href":"https:\/\/www.mittelalterkraemer.de\/index.php?rest_route=%2Fwp%2Fv2%2Fmedia&parent=13912"}],"wp:term":[{"taxonomy":"product_brand","embeddable":true,"href":"https:\/\/www.mittelalterkraemer.de\/index.php?rest_route=%2Fwp%2Fv2%2Fproduct_brand&post=13912"},{"taxonomy":"product_cat","embeddable":true,"href":"https:\/\/www.mittelalterkraemer.de\/index.php?rest_route=%2Fwp%2Fv2%2Fproduct_cat&post=13912"},{"taxonomy":"product_tag","embeddable":true,"href":"https:\/\/www.mittelalterkraemer.de\/index.php?rest_route=%2Fwp%2Fv2%2Fproduct_tag&post=13912"}],"curies":[{"name":"wp","href":"https:\/\/api.w.org\/{rel}","templated":true}]}}