{"id":14195,"date":"2026-04-13T11:57:22","date_gmt":"2026-04-13T10:57:22","guid":{"rendered":"https:\/\/www.mittelalterkraemer.de\/?post_type=product&#038;p=14195"},"modified":"2026-04-23T16:16:35","modified_gmt":"2026-04-23T15:16:35","slug":"spaetmittelalter-sueddeutsche-weste","status":"publish","type":"product","link":"https:\/\/www.mittelalterkraemer.de\/?product=spaetmittelalter-sueddeutsche-weste","title":{"rendered":"Sp\u00e4tmittelalter &#8211; S\u00fcddeutsche Weste"},"content":{"rendered":"<p>Eine Weste aus Wollstoff mit Leinen gef\u00fcttert mit Stoffkn\u00f6pfen<\/p>\n<p>S: 92-100 cm Brustumfang, 80-88 cm Taillenumfang, 91-98 cm H\u00fcftumfang, K\u00f6rpergr\u00f6\u00dfe 170-176 cm<br \/>\nM: 100-108 cm Brustumfang, 88-96 cm Taillenumfang, 98-105 cm H\u00fcftumfang, K\u00f6rpergr\u00f6\u00dfe 176-182 cm<br \/>\nL: 108-116 cm Brustumfang, 96-104 cm Taillenumfang, 105-112 cm H\u00fcftumfang, K\u00f6rpergr\u00f6\u00dfe 182-188 cm<br \/>\nXL: 116-124 cm Brustumfang, 104-112 cm Taillenumfang, 112-120 cm H\u00fcftumfang, K\u00f6rpergr\u00f6\u00dfe 188-194 cm<br \/>\nXXL: 124-132 cm Brustumfang, 112-120 cm Taillenumfang, 120-128 cm H\u00fcftumfang, K\u00f6rpergr\u00f6\u00dfe 194-200 cm<\/p>\n<p>Ma\u00dfanfertigungen sind f\u00fcr einen Aufpreis von 20% ebenfalls m\u00f6glich.*<br \/>\nWaren auf Ma\u00df sind vom Umtausch ausgeschlossen.<br \/>\nEine Tabelle f\u00fcr die erforderlichen Ma\u00dfe wird von uns nach Zahlungseingang versendet.<\/p>\n<p>Herstellungsdauer 4 \u2013 6 Wochen<\/p>\n<p>Alle sichtbaren N\u00e4hte und L\u00f6cher sind handvern\u00e4ht.<\/p>\n<p>Alle <a href=\"http:\/\/www.mittelalterkraemer.de\/?page_id=8722\"><u>Wollfarben<\/u><\/a> und <a href=\"http:\/\/www.mittelalterkraemer.de\/?page_id=8707\"><u>Leinenfarben<\/u><\/a> die zur Auswahl stehen sind hier zu sehen.<\/p>\n<p>Wolle &#8211; ca. 370 Gramm pro Quadratmeter<br \/>\nLeinen &#8211; ca. 230 Gramm pro Quadratmeter<\/p>\n<p><b>Diese Weste aus Wollstoffen ist ein typisch s\u00fcddeutsches Kleidungsst\u00fcck das Ende 15., Anfang 16. Jahrhundert \u00f6fter auf Abbildung gerade in Bezug auf die Bauernkriege auftaucht.<br \/>\nSie ist sehr eng geschnitten und reicht bis zu den Hosen, au\u00dferdem ist sie aus Wollstoff gefertigt und mit einem oft andersfarbigen Leinenstoff gef\u00fcttert. Oft unterschieden sich F\u00fctterung und Obermaterial farblich stark und passten nach unseren Ma\u00dfst\u00e4ben \u00fcberhaupt nicht zusammen. Diese Art Weste ist als \u00dcbergewand f\u00fcr den Wams gedacht und wird so verwendet wie man heute noch Westen tr\u00e4gt, um den Torso warm zu halten.<br \/>\nDie Weste wird mit\u00a0 Kn\u00f6pfen verschlossen.<\/b><\/p>\n<p>Die dazu passende s\u00fcddeutsche <a href=\"https:\/\/www.mittelalterkraemer.de\/?product=spaetmittelalter-hosen-mit-deutschem-schamlatz\">Hose<\/a> gibt es nat\u00fcrlich auch bei uns. Auch den passenden typisch s\u00fcddeutschen <a href=\"https:\/\/www.mittelalterkraemer.de\/?product=spaetmittelalter-geschnuerte-doubletsueddeutscher-wams-mit-angenestelten-aermeln\">Wams<\/a>. \u00dcber dem Wams wurde \u00fcblicherweise eine <a href=\"https:\/\/www.mittelalterkraemer.de\/?product=spaetmittelalter-cotthardie\">Cottehardie<\/a> oder eine <a href=\"https:\/\/www.mittelalterkraemer.de\/?product=spaetmittelalter-scheckejopula\">Schecke<\/a> getragen.<\/p>\n<p><span style=\"font-size: 75%;\">Dekorationsartikel geh\u00f6ren nicht zum Lieferumfang<\/span><\/p>\n<p><span style=\"font-size: 75%;\">*Ma\u00dfgefertigte Produkte werden individuell auf vom Kunden zur Verf\u00fcgung gestellten Ma\u00dfen angefertigt. Die entsprechende Ma\u00dftabelle wird nach Bestellung an die angegebene E-Mail-Adresse versendet. Die Ma\u00dfe m\u00fcssen so genommen werden wie die Kleidung nachher getragen werden soll, also mit entsprechender Unterw\u00e4sche\/-kleidung, falls gew\u00fcnscht.<\/span><\/p>\n<p><span style=\"font-size: 75%;\">**Komplett handvern\u00e4ht bedeutet dass alle N\u00e4hte von Hand vern\u00e4ht werden, inklusive aller sichtbaren und unsichtbaren N\u00e4hte.<\/span><\/p>\n<p><span style=\"font-size: 75%;\">***Wollstoff aus mindestens 80% Wolle und h\u00f6chstens 20% Polyamid<\/span><\/p>\n","protected":false},"excerpt":{"rendered":"<p>Eine Weste aus Wollstoff mit Leinen gef\u00fcttert mit Stoffkn\u00f6pfen S: 92-100 cm Brustumfang, 80-88 cm Taillenumfang, 91-98 cm H\u00fcftumfang, K\u00f6rpergr\u00f6\u00dfe 170-176 cm M: 100-108 cm Brustumfang, 88-96 cm Taillenumfang, 98-105 cm H\u00fcftumfang, K\u00f6rpergr\u00f6\u00dfe 176-182 cm L: 108-116 cm Brustumfang, 96-104 cm Taillenumfang, 105-112 cm H\u00fcftumfang, K\u00f6rpergr\u00f6\u00dfe 182-188 cm XL: 116-124 cm Brustumfang, 104-112 cm Taillenumfang, [&#8230;]\n","protected":false},"featured_media":14674,"comment_status":"open","ping_status":"closed","template":"","meta":[],"product_brand":[],"product_cat":[75,93,94],"product_tag":[],"class_list":{"0":"post-14195","1":"product","2":"type-product","3":"status-publish","4":"has-post-thumbnail","6":"product_cat-kleidung-herren","7":"product_cat-bekleidung-kleidung-herren","8":"product_cat-oberbekleidung-maentel-kleidung-herren","9":"product_shipping_class-stdversand","10":"tm-has-options","12":"first","13":"instock","14":"featured","15":"taxable","16":"shipping-taxable","17":"purchasable","18":"product-type-variable"},"_links":{"self":[{"href":"https:\/\/www.mittelalterkraemer.de\/index.php?rest_route=\/wp\/v2\/product\/14195","targetHints":{"allow":["GET"]}}],"collection":[{"href":"https:\/\/www.mittelalterkraemer.de\/index.php?rest_route=\/wp\/v2\/product"}],"about":[{"href":"https:\/\/www.mittelalterkraemer.de\/index.php?rest_route=\/wp\/v2\/types\/product"}],"replies":[{"embeddable":true,"href":"https:\/\/www.mittelalterkraemer.de\/index.php?rest_route=%2Fwp%2Fv2%2Fcomments&post=14195"}],"wp:featuredmedia":[{"embeddable":true,"href":"https:\/\/www.mittelalterkraemer.de\/index.php?rest_route=\/wp\/v2\/media\/14674"}],"wp:attachment":[{"href":"https:\/\/www.mittelalterkraemer.de\/index.php?rest_route=%2Fwp%2Fv2%2Fmedia&parent=14195"}],"wp:term":[{"taxonomy":"product_brand","embeddable":true,"href":"https:\/\/www.mittelalterkraemer.de\/index.php?rest_route=%2Fwp%2Fv2%2Fproduct_brand&post=14195"},{"taxonomy":"product_cat","embeddable":true,"href":"https:\/\/www.mittelalterkraemer.de\/index.php?rest_route=%2Fwp%2Fv2%2Fproduct_cat&post=14195"},{"taxonomy":"product_tag","embeddable":true,"href":"https:\/\/www.mittelalterkraemer.de\/index.php?rest_route=%2Fwp%2Fv2%2Fproduct_tag&post=14195"}],"curies":[{"name":"wp","href":"https:\/\/api.w.org\/{rel}","templated":true}]}}