{"id":14220,"date":"2026-04-13T13:07:22","date_gmt":"2026-04-13T12:07:22","guid":{"rendered":"https:\/\/www.mittelalterkraemer.de\/?post_type=product&#038;p=14220"},"modified":"2026-04-23T16:19:30","modified_gmt":"2026-04-23T15:19:30","slug":"spaetmittelalter-geschnuerte-doubletsueddeutscher-wams-mit-angenestelten-aermeln","status":"publish","type":"product","link":"https:\/\/www.mittelalterkraemer.de\/?product=spaetmittelalter-geschnuerte-doubletsueddeutscher-wams-mit-angenestelten-aermeln","title":{"rendered":"Sp\u00e4tmittelalter &#8211; Geschn\u00fcrte Doublet|S\u00fcddeutscher Wams mit angenestelten \u00c4rmeln"},"content":{"rendered":"<p>Ein Wams aus Wolle mit Leinen gef\u00fcttert mit angenestelten \u00c4rmeln<\/p>\n<p>S: 92-100 cm Brustumfang, 80-88 cm Taillenumfang, 91-98 cm H\u00fcftumfang, K\u00f6rpergr\u00f6\u00dfe 170-176 cm<br \/>\nM: 100-108 cm Brustumfang, 88-96 cm Taillenumfang, 98-105 cm H\u00fcftumfang, K\u00f6rpergr\u00f6\u00dfe 176-182 cm<br \/>\nL: 108-116 cm Brustumfang, 96-104 cm Taillenumfang, 105-112 cm H\u00fcftumfang, K\u00f6rpergr\u00f6\u00dfe 182-188 cm<br \/>\nXL: 116-124 cm Brustumfang, 104-112 cm Taillenumfang, 112-120 cm H\u00fcftumfang, K\u00f6rpergr\u00f6\u00dfe 188-194 cm<br \/>\nXXL: 124-132 cm Brustumfang, 112-120 cm Taillenumfang, 120-128 cm H\u00fcftumfang, K\u00f6rpergr\u00f6\u00dfe 194-200 cm<\/p>\n<p>Ma\u00dfanfertigungen sind f\u00fcr einen Aufpreis von 20% ebenfalls m\u00f6glich.*<br \/>\nWaren auf Ma\u00df sind vom Umtausch ausgeschlossen.<br \/>\nEine Tabelle f\u00fcr die erforderlichen Ma\u00dfe wird von uns nach Zahlungseingang versendet.<\/p>\n<p>Herstellungsdauer 4 &#8211; 6 Wochen<\/p>\n<p>Alle sichtbaren N\u00e4hte und L\u00f6cher sind handvern\u00e4ht.<\/p>\n<p>Alle <a href=\"http:\/\/www.mittelalterkraemer.de\/?page_id=8722\"><u>Wollfarben<\/u><\/a> und <a href=\"http:\/\/www.mittelalterkraemer.de\/?page_id=8707\"><u>Leinenfarben<\/u><\/a> die zur Auswahl stehen sind hier zu sehen.<\/p>\n<p>Wolle &#8211; ca. 370 Gramm pro Quadratmeter<br \/>\nLeinen &#8211; ca. 230 Gramm pro Quadratmeter<\/p>\n<p><b>Der Wams ist ein unverzichtbares Sp\u00e4tmittelalterkleidungsst\u00fcck denn an ihn wurden alle Arten von Hosen genestelt.<br \/>\nSie hat lange \u00c4rmel ist sehr eng geschnitten und reicht bis zu den Hosen, au\u00dferdem ist sie aus Wollstoff gefertigt und mit einem oft andersfarbigen Leinenstoff gef\u00fcttert. Oft unterschieden sich F\u00fctterung und Obermaterial farblich stark und passten nach unseren Ma\u00dfst\u00e4ben \u00fcberhaupt nicht zusammen. Eng deshalb weil der Wams im Grunde Untergewand war und nur als Hosenhalter diente. \u00dcber ihm trug man Tuniken, Schecken oder Cotthardies.<br \/>\nDiese f\u00fcr Deutschland, im speziellen S\u00fcddeutschland typische Variante, von einem Wams hat angenestelte \u00c4rmel. Mit wenigen Handgriffen kann man diesen Wams damit zur Weste machen und sie passt hervorragend unter eine Schecke. Oder sie dient mit \u00c4rmeln als eigenst\u00e4ndiges Kleidungsst\u00fcck, erg\u00e4nzt durch eine dar\u00fcber getragene Weste. Diese Art Wams ist auf unz\u00e4hligen Abbildungen des Bauernkriegs genau so abgebildet und sehr typisch f\u00fcr S\u00fcddeutschland und das Ende 15.\/Anfang 16. Jahrhundert.<\/b><\/p>\n<p>Die dazu passende typisch s\u00fcddeutsche <a href=\"https:\/\/www.mittelalterkraemer.de\/?product=spaetmittelalter-hosen-mit-deutschem-schamlatz\">Hose<\/a> gibt es nat\u00fcrlich auch bei uns. \u00dcber dem s\u00fcddeutschen Wams wurde \u00fcblicherweise eine <a href=\"https:\/\/www.mittelalterkraemer.de\/?product=spaetmittelalter-cotthardie\">Cottehardie<\/a> oder eine <a href=\"https:\/\/www.mittelalterkraemer.de\/?product=spaetmittelalter-scheckejopula\">Schecke<\/a> oder diese typisch s\u00fcddeutsche <a href=\"https:\/\/www.mittelalterkraemer.de\/?product=spaetmittelalter-sueddeutsche-weste\">Weste<\/a> getragen. Der Wams war meist nicht zu sehen.<\/p>\n<p><span style=\"font-size: 75%;\">Dekorationsartikel geh\u00f6ren nicht zum Lieferumfang<\/span><\/p>\n<p><span style=\"font-size: 75%;\">*Ma\u00dfgefertigte Produkte werden individuell auf vom Kunden zur Verf\u00fcgung gestellten Ma\u00dfen angefertigt. Die entsprechende Ma\u00dftabelle wird nach Bestellung an die angegebene E-Mail-Adresse versendet. Die Ma\u00dfe m\u00fcssen so genommen werden wie die Kleidung nachher getragen werden soll, also mit entsprechender Unterw\u00e4sche\/-kleidung, falls gew\u00fcnscht.<\/span><\/p>\n<p><span style=\"font-size: 75%;\">**Komplett handvern\u00e4ht bedeutet dass alle N\u00e4hte von Hand vern\u00e4ht werden, inklusive aller sichtbaren und unsichtbaren N\u00e4hte.<\/span><\/p>\n<p><span style=\"font-size: 75%;\">***Wollstoff aus mindestens 80% Wolle und h\u00f6chstens 20% Polyamid<\/span><\/p>\n","protected":false},"excerpt":{"rendered":"<p>Ein Wams aus Wolle mit Leinen gef\u00fcttert mit angenestelten \u00c4rmeln S: 92-100 cm Brustumfang, 80-88 cm Taillenumfang, 91-98 cm H\u00fcftumfang, K\u00f6rpergr\u00f6\u00dfe 170-176 cm M: 100-108 cm Brustumfang, 88-96 cm Taillenumfang, 98-105 cm H\u00fcftumfang, K\u00f6rpergr\u00f6\u00dfe 176-182 cm L: 108-116 cm Brustumfang, 96-104 cm Taillenumfang, 105-112 cm H\u00fcftumfang, K\u00f6rpergr\u00f6\u00dfe 182-188 cm XL: 116-124 cm Brustumfang, 104-112 cm [&#8230;]\n","protected":false},"featured_media":14688,"comment_status":"open","ping_status":"closed","template":"","meta":[],"product_brand":[],"product_cat":[75,93],"product_tag":[],"class_list":{"0":"post-14220","1":"product","2":"type-product","3":"status-publish","4":"has-post-thumbnail","6":"product_cat-kleidung-herren","7":"product_cat-bekleidung-kleidung-herren","8":"product_shipping_class-stdversand","9":"tm-has-options","11":"first","12":"instock","13":"featured","14":"taxable","15":"shipping-taxable","16":"purchasable","17":"product-type-variable","18":"has-default-attributes"},"_links":{"self":[{"href":"https:\/\/www.mittelalterkraemer.de\/index.php?rest_route=\/wp\/v2\/product\/14220","targetHints":{"allow":["GET"]}}],"collection":[{"href":"https:\/\/www.mittelalterkraemer.de\/index.php?rest_route=\/wp\/v2\/product"}],"about":[{"href":"https:\/\/www.mittelalterkraemer.de\/index.php?rest_route=\/wp\/v2\/types\/product"}],"replies":[{"embeddable":true,"href":"https:\/\/www.mittelalterkraemer.de\/index.php?rest_route=%2Fwp%2Fv2%2Fcomments&post=14220"}],"wp:featuredmedia":[{"embeddable":true,"href":"https:\/\/www.mittelalterkraemer.de\/index.php?rest_route=\/wp\/v2\/media\/14688"}],"wp:attachment":[{"href":"https:\/\/www.mittelalterkraemer.de\/index.php?rest_route=%2Fwp%2Fv2%2Fmedia&parent=14220"}],"wp:term":[{"taxonomy":"product_brand","embeddable":true,"href":"https:\/\/www.mittelalterkraemer.de\/index.php?rest_route=%2Fwp%2Fv2%2Fproduct_brand&post=14220"},{"taxonomy":"product_cat","embeddable":true,"href":"https:\/\/www.mittelalterkraemer.de\/index.php?rest_route=%2Fwp%2Fv2%2Fproduct_cat&post=14220"},{"taxonomy":"product_tag","embeddable":true,"href":"https:\/\/www.mittelalterkraemer.de\/index.php?rest_route=%2Fwp%2Fv2%2Fproduct_tag&post=14220"}],"curies":[{"name":"wp","href":"https:\/\/api.w.org\/{rel}","templated":true}]}}