{"id":258,"date":"2020-09-25T12:25:32","date_gmt":"2020-09-25T12:25:32","guid":{"rendered":"http:\/\/www.mittelalterkraemer.de\/?product=hochmittelalter-stoffpanzer"},"modified":"2026-01-12T14:36:50","modified_gmt":"2026-01-12T13:36:50","slug":"hochmittelalter-stoffpanzer","status":"publish","type":"product","link":"https:\/\/www.mittelalterkraemer.de\/?product=hochmittelalter-stoffpanzer","title":{"rendered":"Hochmittelalter &#8211; Stoffpanzer"},"content":{"rendered":"<p>Gambeson, bzw. Aketon, das hei\u00dft Stoffpanzerung aus mehreren Lagen Leinen und Vlies.<br \/>\nWir haben naturfarbene (Bild) und schwarze in den Gr\u00f6\u00dfen M, L und XL sofort lieferbar auf Lager.<br \/>\nAndere <a href=\"http:\/\/www.mittelalterkraemer.de\/?page_id=8707\"><u>Farben<\/u><\/a> und Gr\u00f6\u00dfen bei einer Lieferzeit von 6 &#8211; 12 Wochen ebenfalls m\u00f6glich.<\/p>\n<p>S: 92-100 cm Brustumfang, 80-88 cm Taillenumfang, 91-98 cm H\u00fcftumfang, K\u00f6rpergr\u00f6\u00dfe 170-176 cm<br \/>\nM: 100-108 cm Brustumfang, 88-96 cm Taillenumfang, 98-105 cm H\u00fcftumfang, K\u00f6rpergr\u00f6\u00dfe 176-182 cm<br \/>\nL: 108-116 cm Brustumfang, 96-104 cm Taillenumfang, 105-112 cm H\u00fcftumfang, K\u00f6rpergr\u00f6\u00dfe 182-188 cm<br \/>\nXL: 116-124 cm Brustumfang, 104-112 cm Taillenumfang, 112-120 cm H\u00fcftumfang, K\u00f6rpergr\u00f6\u00dfe 188-194 cm<br \/>\nXXL: 124-132 cm Brustumfang, 112-120 cm Taillenumfang, 120-128 cm H\u00fcftumfang, K\u00f6rpergr\u00f6\u00dfe 194-200 cm<\/p>\n<p>Wir bieten auch Ma\u00dfanfertigungen f\u00fcr einen Aufpreis von 20% an.<br \/>\nWaren auf Ma\u00df sind vom Umtausch ausgeschlossen.<br \/>\nEine Tabelle f\u00fcr die erforderlichen Ma\u00dfe wird von uns nach Zahlungseingang versendet.<\/p>\n<p>Leinen f\u00fcr Gambeson &#8211; ca. 280 Gramm pro Quadratmeter<br \/>\nFleece &#8211; eine Schicht ca. 500 Gramm pro Quadratmeter<\/p>\n<p><b>Dieses Exemplar ist in der f\u00fcr das Hochmittelalter typischen L\u00e4nge gefertigt und besteht aus Leinen, innen durch mehrere Lagen Vlies aufgepolstert. Er wird \u00fcber den Kopf gezogen und kann am Hals mit zwei Kn\u00f6pfen verschlossen werden. An den Achseln und in den Ellenbeugen ist die Polsterung nicht so dick damit die Bewegung in dieser schweren R\u00fcstung nicht allzu sehr eingeschr\u00e4nkt ist.<\/b><\/p>\n<p>Wie gesagt, dieser Stoffpanzer ist auf mehreren Lagen Leinenstoff und Vlies und daher dicker als viele andere erh\u00e4ltliche (3 Lagen Vlies am K\u00f6rper, 2 an den Armen, eine in den Ellenbeugen und unter den Achseln). Die \u00e4u\u00dfere Leinenschicht ist mit einer unsichtbaren Baumwollschicht verst\u00e4rkt. Er bringt es alleine auf rund 5 Kilo, ist daher auch durchaus &#8220;Schau&#8221;kampftauglich.<\/p>\n<p>Diese Art von Stoffpanzer war \u00fcber das ganze Hochmittelalter \u00fcblich und ist so in der Maciejowski Bibel oder im Codex Manesse (Seite 122) abgebildet ist.<br \/>\nStoffpanzerungen bzw. in unserem Sprachraum Sarr\u00f6cke sind die g\u00e4ngigste Art eines Kriegers sich zu sch\u00fctzen.<\/p>\n<p>In diesem Fall handelt es sich genaugenommen um einen Aketon, nicht um einen Gambeson. Gambeson hatten eine rautenf\u00f6rmige Steppung da in sie loses Material wie Pferdehaar und dergleichen eingen\u00e4ht war. Bei der parallelen Steppung der Aketons w\u00fcrde dieses Material verrutschen, da Aketons aus mehreren Schichten Stoff bestehen ist dies aber kein Problem.<\/p>\n<p>Aketons sind also die einfachste M\u00f6glichkeit sich zu sch\u00fctzen.<br \/>\nKettenhemden waren im Hochmittelalter noch selten und selbst als Tr\u00e4ger eines Kettenhemdes Bedarf es eines Stoffpanzers, der vor den viel schlimmeren Br\u00fcchen und Platzwunden sch\u00fctzt. Schnitte, vor denen ein Kettenhemd sch\u00fctzte waren vergleichsweise harmlose Verletzungen, weil sie gut wieder verheilten.<\/p>\n<p><a href=\"http:\/\/www.mittelalterkraemer.de\/?product=polsterhandschuhe\"><u>Gepolsterte Handschuhe<\/u><\/a> und einen entsprechenden <a href=\"http:\/\/www.mittelalterkraemer.de\/?product=polsterhaube-mit-kragen\"><u>Polsterhut mit Kragen <\/u><\/a>oder eine <a href=\"http:\/\/www.mittelalterkraemer.de\/?product=polsterhaube\"><u>Haube<\/u><\/a> die diesen Stoffpanzer vervollst\u00e4ndigen findet ihr auch hier im Shop.<\/p>\n<p><span style=\"font-size: 75%;\">Dekorationsartikel geh\u00f6ren nicht zum Lieferumfang<\/span><\/p>\n<p><span style=\"font-size: 75%;\">*Ma\u00dfgefertigte Produkte werden individuell auf vom Kunden zur Verf\u00fcgung gestellten Ma\u00dfen angefertigt. Die entsprechende Ma\u00dftabelle wird nach Bestellung an die angegebene E-Mail-Adresse versendet. Die Ma\u00dfe m\u00fcssen so genommen werden wie die Kleidung nachher getragen werden soll, also mit entsprechender Unterw\u00e4sche\/-kleidung, falls gew\u00fcnscht.<\/span><\/p>\n<p><span style=\"font-size: 75%;\">**Komplett handvern\u00e4ht bedeutet dass alle N\u00e4hte von Hand vern\u00e4ht werden, inklusive aller sichtbaren und unsichtbaren N\u00e4hte.<\/span><\/p>\n<p>&nbsp;<\/p>\n","protected":false},"excerpt":{"rendered":"<p>Gambeson, bzw. Aketon, das hei\u00dft Stoffpanzerung aus mehreren Lagen Leinen und Vlies. Wir haben naturfarbene (Bild) und schwarze in den Gr\u00f6\u00dfen M, L und XL sofort lieferbar auf Lager. Andere Farben und Gr\u00f6\u00dfen bei einer Lieferzeit von 6 &#8211; 12 Wochen ebenfalls m\u00f6glich. S: 92-100 cm Brustumfang, 80-88 cm Taillenumfang, 91-98 cm H\u00fcftumfang, K\u00f6rpergr\u00f6\u00dfe 170-176 [&#8230;]\n","protected":false},"featured_media":259,"comment_status":"open","ping_status":"closed","template":"","meta":[],"product_brand":[],"product_cat":[76,97],"product_tag":[],"class_list":{"0":"post-258","1":"product","2":"type-product","3":"status-publish","4":"has-post-thumbnail","6":"product_cat-ruestzeug-trainingszubehoer-schilde","7":"product_cat-stoffpanzerung-gambeson-ruestzeug","8":"product_shipping_class-stdversand","9":"tm-has-options","11":"first","12":"instock","13":"taxable","14":"shipping-taxable","15":"purchasable","16":"product-type-variable"},"_links":{"self":[{"href":"https:\/\/www.mittelalterkraemer.de\/index.php?rest_route=\/wp\/v2\/product\/258","targetHints":{"allow":["GET"]}}],"collection":[{"href":"https:\/\/www.mittelalterkraemer.de\/index.php?rest_route=\/wp\/v2\/product"}],"about":[{"href":"https:\/\/www.mittelalterkraemer.de\/index.php?rest_route=\/wp\/v2\/types\/product"}],"replies":[{"embeddable":true,"href":"https:\/\/www.mittelalterkraemer.de\/index.php?rest_route=%2Fwp%2Fv2%2Fcomments&post=258"}],"wp:featuredmedia":[{"embeddable":true,"href":"https:\/\/www.mittelalterkraemer.de\/index.php?rest_route=\/wp\/v2\/media\/259"}],"wp:attachment":[{"href":"https:\/\/www.mittelalterkraemer.de\/index.php?rest_route=%2Fwp%2Fv2%2Fmedia&parent=258"}],"wp:term":[{"taxonomy":"product_brand","embeddable":true,"href":"https:\/\/www.mittelalterkraemer.de\/index.php?rest_route=%2Fwp%2Fv2%2Fproduct_brand&post=258"},{"taxonomy":"product_cat","embeddable":true,"href":"https:\/\/www.mittelalterkraemer.de\/index.php?rest_route=%2Fwp%2Fv2%2Fproduct_cat&post=258"},{"taxonomy":"product_tag","embeddable":true,"href":"https:\/\/www.mittelalterkraemer.de\/index.php?rest_route=%2Fwp%2Fv2%2Fproduct_tag&post=258"}],"curies":[{"name":"wp","href":"https:\/\/api.w.org\/{rel}","templated":true}]}}