{"id":275,"date":"2020-09-25T12:25:32","date_gmt":"2020-09-25T12:25:32","guid":{"rendered":"http:\/\/www.mittelalterkraemer.de\/?product=hochmittelalter-stoffpanzer-mit-oeffnung-an-der-brust"},"modified":"2026-01-13T17:19:10","modified_gmt":"2026-01-13T16:19:10","slug":"hochmittelalter-stoffpanzer-mit-oeffnung-an-der-brust","status":"publish","type":"product","link":"https:\/\/www.mittelalterkraemer.de\/?product=hochmittelalter-stoffpanzer-mit-oeffnung-an-der-brust","title":{"rendered":"Hochmittelalter &#8211; Stoffpanzer mit \u00d6ffnung an der Brust"},"content":{"rendered":"<p>Einfacher Gambeson mit \u00d6ffnung in der Front in folgenden Farben und Gr\u00f6\u00dfen.<\/p>\n<p>S = 75 &#8211; 85 cm um die H\u00fcfte, Brust 85 &#8211; 100 cm,<br \/>\nM = 89 &#8211; 94 cm um die H\u00fcfte, Brust 95 &#8211; 105 cm,<br \/>\nL = 95 &#8211; 107 cm um die H\u00fcfte, Brust 105 &#8211; 120 cm,<br \/>\nXL = 105 &#8211; 120 cm um die H\u00fcfte, Brust 110 &#8211; 135 cm in Natur sofort lieferbar<br \/>\n(siehe Bild)<\/p>\n<p>Wir bieten auch Ma\u00dfanfertigungen f\u00fcr einen Aufpreis von 20% an.<br \/>\nWaren auf Ma\u00df sind vom Umtausch ausgeschlossen.<br \/>\nEine Tabelle f\u00fcr die erforderlichen Ma\u00dfe wird von uns nach Zahlungseingang versendet.<\/p>\n<p>Andere <a href=\"http:\/\/www.mittelalterkraemer.de\/?page_id=8707\"><u>Farben<\/u><\/a> bei einer Lieferzeit von 6 &#8211; 12 Wochen ebenfalls m\u00f6glich.<\/p>\n<p>Leinen f\u00fcr Gambeson &#8211; ca. 280 Gramm pro Quadratmeter<br \/>\nFleece &#8211; eine Schicht ca. 500 Gramm pro Quadratmeter<\/p>\n<p><b>Dieses Exemplar ist in der um das Jahr 1300 typischen L\u00e4nge gefertigt (bis zur H\u00e4lfte der Schenkel) und besteht aus Leinen, innen durch mehrere Lagen aufgepolstert. Er kann wie eine Jacke angezogen und vorne mit einer Schn\u00fcrung verschlossen werden. An den Achseln und in den Ellenbeugen ist die Polsterung nicht so dick damit die Bewegung in dieser schweren R\u00fcstung nicht allzu sehr eingeschr\u00e4nkt ist.<\/b><\/p>\n<p>Wie gesagt, dieser Stoffpanzer ist auf mehreren Lagen Leinenstoff und Vlies und daher dicker als<br \/>\nviele andere erh\u00e4ltliche (zwei Lagen Vlies am K\u00f6rper, eine an den Armen). Die \u00e4u\u00dfere Leinenschicht ist mit einer unsichtbaren Baumwollschicht verst\u00e4rkt.<\/p>\n<p>Ein Stoffpanzer wie er in der Maciejowski Bibel oder im Codex Manesse (Seite 122) abgebildet ist und \u00fcber das<br \/>\nganze Hochmittelalter \u00fcblich war.<\/p>\n<p>F\u00fcr die \u00d6ffnung in der Front haben wir f\u00fcr das 13. Jahrhundert noch keinen Beleg gefunden. Jedoch waren ab dem 14. Jahrhundert alle Stoffpanzerungen wie eine Jacke an der Front zu \u00f6ffnen, da durch aufkommende Brigantinen und Brustpanzer der Schutz an der Brust schon ausreichend gegeben war und der Gambeson so viel einfacher und vor allem auch alleine an- und ausgezogen werden konnte.<br \/>\nEine \u00dcbergangsform mit l\u00e4ngerem Schnitt aber moderner \u00d6ffnung w\u00e4re Anfang des 14. Jh. nicht nur denkbar sondern \u00e4u\u00dferst wahrscheinlich.<\/p>\n<p>Stoffpanzerungen bzw. in unserem Sprachraum Sarr\u00f6cke sind die g\u00e4ngigste Art eines Kriegers sich zu<br \/>\nsch\u00fctzen.<\/p>\n<p>In diesem Fall handelt es sich genaugenommen um einen Aketon, nicht um einen &#8220;Gambeson&#8221; der sich aber als Begriff im allgemeinen Sprachgebrauch durchsetzte. Gambeson hatten eine rautenf\u00f6rmige Steppung da in sie Material wie Pferdehaar und dergleichen eingen\u00e4ht war. Bei der parallelen Steppung der Aketons w\u00fcrde dieses Material verrutschen, da Aketons aus mehreren Schichten Stoff bestehen ist dies aber kein Problem.<\/p>\n<p>Aketons sind also die einfachste M\u00f6glichkeit sich zu sch\u00fctzen.<br \/>\nKettenhemden waren im Hochmittelalter noch selten und selbst als Tr\u00e4ger eines Kettenhemdes Bedarf es eines Stoffpanzers, der vor den viel schlimmeren Br\u00fcchen und Platzwunden sch\u00fctzt. Schnitte, vor denen ein Kettenhemd sch\u00fctzte waren vergleichsweise harmlose Verletzungen, weil sie gut wieder verheilten.<\/p>\n<p><a href=\"http:\/\/www.mittelalterkraemer.de\/?product=polsterhandschuhe\"><u>Gepolsterte Handschuhe<\/u><\/a> und einen entsprechenden <a href=\"http:\/\/www.mittelalterkraemer.de\/?product=polsterhaube-mit-kragen\"><u>Polsterhut mit Kragen <\/u><\/a>oder eine <a href=\"http:\/\/www.mittelalterkraemer.de\/?product=polsterhaube\"><u>Haube<\/u><\/a> die diesen Stoffpanzer vervollst\u00e4ndigen findet ihr auch hier im Shop.<\/p>\n<p><span style=\"font-size: 75%;\">Dekorationsartikel geh\u00f6ren nicht zum Lieferumfang<\/span><\/p>\n<p><span style=\"font-size: 75%;\">*Ma\u00dfgefertigte Produkte werden individuell auf vom Kunden zur Verf\u00fcgung gestellten Ma\u00dfen angefertigt. Die entsprechende Ma\u00dftabelle wird nach Bestellung an die angegebene E-Mail-Adresse versendet. Die Ma\u00dfe m\u00fcssen so genommen werden wie die Kleidung nachher getragen werden soll, also mit entsprechender Unterw\u00e4sche\/-kleidung, falls gew\u00fcnscht.<\/span><\/p>\n<p><span style=\"font-size: 75%;\">**Komplett handvern\u00e4ht bedeutet dass alle N\u00e4hte von Hand vern\u00e4ht werden, inklusive aller sichtbaren und unsichtbaren N\u00e4hte.<\/span><\/p>\n<p>&nbsp;<\/p>\n","protected":false},"excerpt":{"rendered":"<p>Einfacher Gambeson mit \u00d6ffnung in der Front in folgenden Farben und Gr\u00f6\u00dfen. S = 75 &#8211; 85 cm um die H\u00fcfte, Brust 85 &#8211; 100 cm, M = 89 &#8211; 94 cm um die H\u00fcfte, Brust 95 &#8211; 105 cm, L = 95 &#8211; 107 cm um die H\u00fcfte, Brust 105 &#8211; 120 cm, XL [&#8230;]\n","protected":false},"featured_media":276,"comment_status":"open","ping_status":"closed","template":"","meta":[],"product_brand":[],"product_cat":[76,97],"product_tag":[],"class_list":{"0":"post-275","1":"product","2":"type-product","3":"status-publish","4":"has-post-thumbnail","6":"product_cat-ruestzeug-trainingszubehoer-schilde","7":"product_cat-stoffpanzerung-gambeson-ruestzeug","8":"product_shipping_class-stdversand","9":"tm-has-options","11":"first","12":"instock","13":"taxable","14":"shipping-taxable","15":"purchasable","16":"product-type-variable"},"_links":{"self":[{"href":"https:\/\/www.mittelalterkraemer.de\/index.php?rest_route=\/wp\/v2\/product\/275","targetHints":{"allow":["GET"]}}],"collection":[{"href":"https:\/\/www.mittelalterkraemer.de\/index.php?rest_route=\/wp\/v2\/product"}],"about":[{"href":"https:\/\/www.mittelalterkraemer.de\/index.php?rest_route=\/wp\/v2\/types\/product"}],"replies":[{"embeddable":true,"href":"https:\/\/www.mittelalterkraemer.de\/index.php?rest_route=%2Fwp%2Fv2%2Fcomments&post=275"}],"wp:featuredmedia":[{"embeddable":true,"href":"https:\/\/www.mittelalterkraemer.de\/index.php?rest_route=\/wp\/v2\/media\/276"}],"wp:attachment":[{"href":"https:\/\/www.mittelalterkraemer.de\/index.php?rest_route=%2Fwp%2Fv2%2Fmedia&parent=275"}],"wp:term":[{"taxonomy":"product_brand","embeddable":true,"href":"https:\/\/www.mittelalterkraemer.de\/index.php?rest_route=%2Fwp%2Fv2%2Fproduct_brand&post=275"},{"taxonomy":"product_cat","embeddable":true,"href":"https:\/\/www.mittelalterkraemer.de\/index.php?rest_route=%2Fwp%2Fv2%2Fproduct_cat&post=275"},{"taxonomy":"product_tag","embeddable":true,"href":"https:\/\/www.mittelalterkraemer.de\/index.php?rest_route=%2Fwp%2Fv2%2Fproduct_tag&post=275"}],"curies":[{"name":"wp","href":"https:\/\/api.w.org\/{rel}","templated":true}]}}