{"id":293,"date":"2020-09-25T12:25:32","date_gmt":"2020-09-25T10:25:32","guid":{"rendered":"http:\/\/www.mittelalterkraemer.de\/?product=knochenleimgranulat-grundpreis-20-eur-kg"},"modified":"2026-01-12T14:47:46","modified_gmt":"2026-01-12T13:47:46","slug":"knochenleimgranulat-grundpreis-20-eur-kg","status":"publish","type":"product","link":"https:\/\/www.mittelalterkraemer.de\/?product=knochenleimgranulat-grundpreis-20-eur-kg","title":{"rendered":"Knochenleimgranulat 250g"},"content":{"rendered":"<p>250 g Knochenleimgranulat zur Herstellung von 500 g Leim.<br \/>\nPreis pro 100 Gramm: 2 Euro<\/p>\n<p><b>In fr\u00fcheren Zeiten war Knochenleim das bedeutendste Klebmittel f\u00fcr Holz, Papier, Leder, Knochen, und vieles mehr.<br \/>\nKnochenleim findet vorwiegend bei Holzverleimungen Verwendung.<br \/>\nEr trocknet glashart und die Klebkraft von Knochenleim ist au\u00dferordentlich hoch.<br \/>\nBeim Trocknen erf\u00e4hrt der Leim eine Schrumpfung, die die zu verleimenden Teile \u201ezusammenzieht\u201c.<br \/>\n<\/b><\/p>\n<p>Die Leimung ist \u201ereversibel\u201c, das hei\u00dft unter Zuf\u00fchrung von W\u00e4rme und gegebenfalls Feuchtigkeit kann sie wieder ge\u00f6ffnet werden, ohne dass Sch\u00e4den an den Werkst\u00fccken entstehen.<\/p>\n<p>Knochenleim wird aus den Knochen der unterschiedlichsten Tiere gewonnen. Dabei \u00fcberwiegen die Knochen von Nutztieren, wie zum Beispiel Schweinen, Rindern, Schafen und Pferden.<br \/>\nAus dem Mittelalter fand man einige Handschriften, die von der Leimherstellung berichten, so zum Beispiel eine Handschrift des Benediktinerm\u00f6nchs Theophilus Presbyter aus dem 11.\/12. Jahrhundert mit dem Titel \u201eAbriss verschiedener K\u00fcnste\u201c.<\/p>\n<p><b>Verarbeitung<\/b><br \/>\nMan l\u00e4sst das Granulat wird zu gleichen Volumenteilen (also im Verh\u00e4ltnis 1:1) in kaltem Wasser ca. 1 bis 2 Stunden lang aufgequellen. Anschlie\u00dfend wir die aufgequollene Masse im Wasserbad bei ca. 60-70 Grad aufgeschmolzen und ist dann verarbeitungsf\u00e4hig. Je nach Verwendungszweck kann der Knochenleim noch weiter mit Wasser verd\u00fcnnt werden.<\/p>\n<p><span style=\"font-size: 75%;\">Dekorationsartikel geh\u00f6ren nicht zum Lieferumfang. Lieferzeit 3-5 Tage*****.<\/span><\/p>\n<p><span style=\"font-size: 75%;\">***** gilt f\u00fcr Lieferungen innerhalb Deutschlands, Lieferzeiten f\u00fcr andere L\u00e4nder entnehmen Sie bitte der Schaltfl\u00e4che mit den Versandinformationen<\/span><\/p>\n","protected":false},"excerpt":{"rendered":"<p>250 g Knochenleimgranulat zur Herstellung von 500 g Leim. Preis pro 100 Gramm: 2 Euro In fr\u00fcheren Zeiten war Knochenleim das bedeutendste Klebmittel f\u00fcr Holz, Papier, Leder, Knochen, und vieles mehr. Knochenleim findet vorwiegend bei Holzverleimungen Verwendung. Er trocknet glashart und die Klebkraft von Knochenleim ist au\u00dferordentlich hoch. Beim Trocknen erf\u00e4hrt der Leim eine Schrumpfung, [&#8230;]\n","protected":false},"featured_media":294,"comment_status":"open","ping_status":"closed","template":"","meta":[],"product_brand":[],"product_cat":[85,144],"product_tag":[],"class_list":{"0":"post-293","1":"product","2":"type-product","3":"status-publish","4":"has-post-thumbnail","6":"product_cat-bastelbedarf","7":"product_cat-alltagsgegenstaende","8":"product_shipping_class-stdversand","9":"tm-no-options","11":"first","12":"instock","13":"taxable","14":"shipping-taxable","15":"purchasable","16":"product-type-simple"},"_links":{"self":[{"href":"https:\/\/www.mittelalterkraemer.de\/index.php?rest_route=\/wp\/v2\/product\/293","targetHints":{"allow":["GET"]}}],"collection":[{"href":"https:\/\/www.mittelalterkraemer.de\/index.php?rest_route=\/wp\/v2\/product"}],"about":[{"href":"https:\/\/www.mittelalterkraemer.de\/index.php?rest_route=\/wp\/v2\/types\/product"}],"replies":[{"embeddable":true,"href":"https:\/\/www.mittelalterkraemer.de\/index.php?rest_route=%2Fwp%2Fv2%2Fcomments&post=293"}],"wp:featuredmedia":[{"embeddable":true,"href":"https:\/\/www.mittelalterkraemer.de\/index.php?rest_route=\/wp\/v2\/media\/294"}],"wp:attachment":[{"href":"https:\/\/www.mittelalterkraemer.de\/index.php?rest_route=%2Fwp%2Fv2%2Fmedia&parent=293"}],"wp:term":[{"taxonomy":"product_brand","embeddable":true,"href":"https:\/\/www.mittelalterkraemer.de\/index.php?rest_route=%2Fwp%2Fv2%2Fproduct_brand&post=293"},{"taxonomy":"product_cat","embeddable":true,"href":"https:\/\/www.mittelalterkraemer.de\/index.php?rest_route=%2Fwp%2Fv2%2Fproduct_cat&post=293"},{"taxonomy":"product_tag","embeddable":true,"href":"https:\/\/www.mittelalterkraemer.de\/index.php?rest_route=%2Fwp%2Fv2%2Fproduct_tag&post=293"}],"curies":[{"name":"wp","href":"https:\/\/api.w.org\/{rel}","templated":true}]}}