{"id":387,"date":"2020-09-25T12:26:37","date_gmt":"2020-09-25T12:26:37","guid":{"rendered":"http:\/\/www.mittelalterkraemer.de\/?product=spaetmittelalter-soldatenzelt-klein"},"modified":"2026-01-12T14:47:48","modified_gmt":"2026-01-12T13:47:48","slug":"spaetmittelalter-soldatenzelt-klein","status":"publish","type":"product","link":"https:\/\/www.mittelalterkraemer.de\/?product=spaetmittelalter-soldatenzelt-klein","title":{"rendered":"Sp\u00e4tmittelalter &#8211; Soldatenzelt Klein"},"content":{"rendered":"<p>Ein kleines Soldatenzelt aus Baumwolle oder Leinen<br \/>\nBreite 1,25 m<br \/>\nL\u00e4nge 2,75 m<br \/>\nH\u00f6he ca. 1,25 m<\/p>\n<p>Impr\u00e4gnierte Baumwolle ca. 360g\/qm<br \/>\noder<br \/>\nImpr\u00e4gniertes Leinen ca. 600 g\/qm<\/p>\n<p>Paketinhalt: Plane, 2 Masten, Querstange, 12 Heringe + Ersatz, S\u00e4cke f\u00fcr Heringe und Zelt.<\/p>\n<p>Lieferzeit maximal 4 Wochen.<\/p>\n<p><b>Eine kleines Soldatenzelt ideal f\u00fcr einen oder zwei Reisende. Es besteht aus zwei Masten mit einer L\u00e4nge von 125 cm die mit einer Querstange von 170 cm L\u00e4nge am First verbunden sind.<br \/>\nSt\u00e4hlerne Heringe (Vierkantmaterial 35 cm lang) sind <\/b><strong>dabei und allein mit denen wird die Zeltplane mit lederverst\u00e4rkten Laschen am Boden verspannt. Die gesamte Konstruktion steht ohne ein Spannseil.<\/strong><br \/>\n<strong>Das B\u00fcndel des abgebauten Zeltes geht eng zusammen und kann mit Hilfe der horizontalen Querstange zu zweit gut transportiert werden.<\/strong><br \/>\n<strong>Die Stangen sind mit Bienewachs gewachst.<\/strong><br \/>\n<strong>Das Zelt ist am Boden 2,75 m lang und 1,25 m breit. Eine Zeltseite kann mit 2 zus\u00e4tzlichen (nicht mitgelieferten) Stangen zu einem kleinen Vorzelt aufgespannt werden unter dem man im Trockenen am Feuer sitzen kann.<\/strong><br \/>\n<strong>Die impr\u00e4gnierte Baumwolle wiegt 300 Gramm pro Quadratmeter, Leinen 550 Gramm pro Quadratmeter. Das Material Baumwolle ist nat\u00fcrlich f\u00fcr unsere Region und das Sp\u00e4tmittelalter als Zeltstoff nicht authentisch. Aber dieses Zelt ist eben deutlich preiswerter als das Pendant aus Leinen.<\/strong><\/p>\n<p>&nbsp;<\/p>\n<p>Die Ritter erfanden das Camping.<br \/>\nBei Reisen mit wenig Gefolge zog man f\u00fcr gew\u00f6hnlich von Burg zu Burg oder von Stadt zu Stadt.<br \/>\nGr\u00f6\u00dfere Gefolge hatten da aber oft gar keinen Platz und so wurden Zeltlager erstellt.<br \/>\nAuch f\u00fcr Belagerungen wurden als erstes Zeltst\u00e4dte als Heerlager aufgebaut. Sp\u00e4ter im Mittelalter wurden auch Trutzburgen gebaut, aber selbst bis die standen musste auch erst in Zelten campiert werden.<br \/>\nIn jedem Fall verbrachten Adelige viel Zeit auf Reisen und die M\u00f6bel die sie besa\u00dfen waren leicht zerlegbar und m\u00f6glichst leicht gebaut, da sie auf Reisen f\u00fcr gew\u00f6hnlich komplett mitgenommen wurden.<br \/>\nDiese Feldz\u00fcge nennt man auch Kampagne (aus dem Franz\u00f6sischen) woher tats\u00e4chlich auch das Wort Camping r\u00fchrt.<\/p>\n<p>Bilder von dem hier angeboteten kleinen Soldatenzelt findet man auf zahlreichen Darstellungen. Es passt in dieser Art ins 15. und 16. Jahrundert in dem unter anderem viele gro\u00dfe Kriege mit riesigen S\u00f6ldnerheeren gefochten wurden die fast auschlie\u00dflich in Zelten lebten.<br \/>\nMan denke dabei nur an die Landsknechthaufen.<\/p>\n<p>Ein Begriff f\u00fcr S\u00f6ldner im Sp\u00e4tmittelalter an sich war auch &#8220;Reisiger&#8221; dessen Herkunft auf das Wort Reisen zur\u00fcckgeht.<\/p>\n<p><span style=\"font-size: 75%;\">Dekorationsartikel geh\u00f6ren nicht zum Lieferumfang<\/span><\/p>\n<p><span style=\"font-size: 75%;\">****Wind- und Schmutzschutz an der Unterkante der Seitenw\u00e4nde des Zeltes angen\u00e4ht. Aus dem Obermaterial gefertigt, also aus impr\u00e4gnierter Baumwolle oder Leinen in der Gewichtung wie im Produkt beschrieben. Sch\u00fctzt die W\u00e4nde vor Schmutz bei aufgeweichten Wiesen und unterdr\u00fcckt Zugluft bei Wind.<\/span><\/p>\n","protected":false},"excerpt":{"rendered":"<p>Ein kleines Soldatenzelt aus Baumwolle oder Leinen Breite 1,25 m L\u00e4nge 2,75 m H\u00f6he ca. 1,25 m Impr\u00e4gnierte Baumwolle ca. 360g\/qm oder Impr\u00e4gniertes Leinen ca. 600 g\/qm Paketinhalt: Plane, 2 Masten, Querstange, 12 Heringe + Ersatz, S\u00e4cke f\u00fcr Heringe und Zelt. Lieferzeit maximal 4 Wochen. Eine kleines Soldatenzelt ideal f\u00fcr einen oder zwei Reisende. Es [&#8230;]\n","protected":false},"featured_media":388,"comment_status":"open","ping_status":"closed","template":"","meta":[],"product_brand":[],"product_cat":[82],"product_tag":[],"class_list":{"0":"post-387","1":"product","2":"type-product","3":"status-publish","4":"has-post-thumbnail","6":"product_cat-zelte","7":"product_shipping_class-stdversand","8":"tm-has-options","10":"first","11":"instock","12":"featured","13":"taxable","14":"shipping-taxable","15":"purchasable","16":"product-type-simple"},"_links":{"self":[{"href":"https:\/\/www.mittelalterkraemer.de\/index.php?rest_route=\/wp\/v2\/product\/387","targetHints":{"allow":["GET"]}}],"collection":[{"href":"https:\/\/www.mittelalterkraemer.de\/index.php?rest_route=\/wp\/v2\/product"}],"about":[{"href":"https:\/\/www.mittelalterkraemer.de\/index.php?rest_route=\/wp\/v2\/types\/product"}],"replies":[{"embeddable":true,"href":"https:\/\/www.mittelalterkraemer.de\/index.php?rest_route=%2Fwp%2Fv2%2Fcomments&post=387"}],"wp:featuredmedia":[{"embeddable":true,"href":"https:\/\/www.mittelalterkraemer.de\/index.php?rest_route=\/wp\/v2\/media\/388"}],"wp:attachment":[{"href":"https:\/\/www.mittelalterkraemer.de\/index.php?rest_route=%2Fwp%2Fv2%2Fmedia&parent=387"}],"wp:term":[{"taxonomy":"product_brand","embeddable":true,"href":"https:\/\/www.mittelalterkraemer.de\/index.php?rest_route=%2Fwp%2Fv2%2Fproduct_brand&post=387"},{"taxonomy":"product_cat","embeddable":true,"href":"https:\/\/www.mittelalterkraemer.de\/index.php?rest_route=%2Fwp%2Fv2%2Fproduct_cat&post=387"},{"taxonomy":"product_tag","embeddable":true,"href":"https:\/\/www.mittelalterkraemer.de\/index.php?rest_route=%2Fwp%2Fv2%2Fproduct_tag&post=387"}],"curies":[{"name":"wp","href":"https:\/\/api.w.org\/{rel}","templated":true}]}}