{"id":397,"date":"2020-09-25T12:26:37","date_gmt":"2020-09-25T12:26:37","guid":{"rendered":"http:\/\/www.mittelalterkraemer.de\/?product=spaetmittelalter-pavillionzelt-mit-zwei-masten-klein"},"modified":"2026-01-12T14:47:48","modified_gmt":"2026-01-12T13:47:48","slug":"spaetmittelalter-pavillionzelt-mit-zwei-masten-klein","status":"publish","type":"product","link":"https:\/\/www.mittelalterkraemer.de\/?product=spaetmittelalter-pavillionzelt-mit-zwei-masten-klein","title":{"rendered":"Sp\u00e4tmittelalter &#8211; Pavillionzelt mit zwei Masten (klein)"},"content":{"rendered":"<p>Ein kleines Zweimast-Pavillonzelt aus Baumwolle.<br \/>\nBreite am Boden 3 Meter<br \/>\nL\u00e4nge am Boden 6 Meter<br \/>\nInklusive Abspannung mindestens 6 x 9 Meter.<br \/>\nH\u00f6he 3,5 Meter<\/p>\n<p>Impr\u00e4gnierte Baumwolle ca. 360g\/qm<br \/>\noder<br \/>\nImpr\u00e4gniertes Leinen ca. 600 g\/qm<\/p>\n<p>Optional mit nicht sichtbaren Kunststoffstreifen in den N\u00e4hten zur Verst\u00e4rkung und zur besseren Abdichtung (+ 250 Euro).<\/p>\n<p>Lieferzeit maximal 4 Wochen nach Zahlungseingang.<\/p>\n<p>Paketinhalt:<br \/>\n3 Planen (Dach, Seitenwand, Eingang), 2 Holzmasten (jeweils 2 Teile), 2 runde Zeltspitzen, 2 kleine Fahnenstangen,<br \/>\n46 Heringe + 2 Ersatz, 2 Metallsets zur Verbindung der Masten (siehe Foto), 40 Holzn\u00e4gel um die Zeltwand und die Spannseile am Dach anzubringen,<br \/>\n2 Sturmleinen mit 15 m L\u00e4nge, 20 Spannseile \u00e0 4 Meter und 20 \u00e0 1,5 Meter an die Langen angebracht.<\/p>\n<p><b>Ein kleines Zweimast-Pavillonzelt aus Baumwolle.<br \/>\nDas Zelt steht mit Hilfe zweier jeweils zweigeteilten Masten und wird lediglich mit Spannseilen stabilisiert. Das macht das Transportpaket leichter und kleiner, als das bei einem f\u00fcr das Mittelalter ebenfalls denkbarem Speichenradzelt der Fall w\u00e4re, ohne dass dies auf die Stabilit\u00e4t der Konstruktion negativen Einfluss h\u00e4tte. Man muss nur darauf achten, dass man m\u00f6glichst weit abspannt.<br \/>\nDie insgesamt vier W\u00e4nde (zwei f\u00fcr die Geraden und zwei f\u00fcr die Halbkreise) sind ebenfalls abnehmbar (anders als im Bild. Gut zu erkennen beim normalen und gro\u00dfen Pavillonzelt). Die dazu ben\u00f6tigten Holzn\u00e4gel sind ebenfalls mitgeliefert. Die Tatsache der abnehmbaren W\u00e4nde macht den Aufbau auch sehr einfach und mit etwas \u00dcbung ist er trotz der Gr\u00f6\u00dfe des Zeltes auch allein zu bewerkstelligen ist. Die Mast sind wie bereits erw\u00e4hnt zweigeteilt, um sie besser transportieren zu k\u00f6nnen. Sie werden mit Eisenstiften verbunden, wie im Einklinker zu sehen. Eisenplatten verst\u00e4rken die Verbindung.<br \/>\nDie Stangen sind mit Bienewachs gewachst und auf ihre Spitzen kommen jeweils Kugel auf die wiederum kleine Fahnen angebracht werden k\u00f6nnen. Sturmleinen die die Masten an der Spitze entgegen der Windrichtung zus\u00e4tzlich sichern sind ebenfalls mitgeliefert.<br \/>\nDer Breite des Zeltes am Boden misst ungef\u00e4hr 3 Meter, die L\u00e4nge 6 m. <\/b><\/p>\n<p>St\u00e4hlerne Heringe (Vierkantmaterial 35 cm lang) sind dabei. Die impr\u00e4gnierte Baumwolle wiegt 300 Gramm pro Quadratmeter, Leinen 550 Gramm pro Quadratmeter. Das Material Baumwolle ist nat\u00fcrlich f\u00fcr unsere Region und das Hochmittelalter nicht authentisch. Aber dieses Zelt ist eben deutlich preiswerter als ein Pendant aus Leinen.<\/p>\n<p>&nbsp;<\/p>\n<p>Die Ritter erfanden das Camping.<br \/>\nBei Reisen mit wenig Gefolge zog man f\u00fcr gew\u00f6hnlich von Burg zu Burg oder von Stadt zu Stadt.<br \/>\nGr\u00f6\u00dfere Gefolge hatten da aber oft gar keinen Platz und so wurden Zeltlager erstellt.<br \/>\nAuch f\u00fcr Belagerungen wurden als erstes Zeltst\u00e4dte als Heerlager aufgebaut. Sp\u00e4ter im Mittelalter wurden auch<\/p>\n<p>Trutzburgen gebaut, aber selbst bis die standen musste auch erst in Zelten campiert werden.<br \/>\nIn jedem Fall verbrachten Adelige viel Zeit auf Reisen und die M\u00f6bel die sie besa\u00dfen waren stabil und leicht zerlegbar, da sie auf Reisen f\u00fcr gew\u00f6hnlich komplett mitgenommen wurden.<br \/>\nDiese Feldz\u00fcge nennt man auch Kampagne (aus dem Franz\u00f6sischen) woher tats\u00e4chlich auch das Wort Camping r\u00fchrt.<\/p>\n<p>Die Pavillonzelte (und Speichenradzelte) waren durch ihr komfortable Standh\u00f6he die Luxusvariante eines Zeltes, und somit typische Ritterzelte.<\/p>\n<p>Bilder von den hier angeboteten Pavillonzelten findet man in der Parzival-Handschrift und im Rolandlied. Beides Codices die in der Mitte des 13. Jh. entstanden. Ab diesem Zeitpunkt setzten sie sich mehr und mehr durch, bis sie mit den Speichenradzelten im 14. und 15. Jahrhundert den Schwerpunkt jedes Heerlagers bildeten.<br \/>\nOft sind diese Zelte auch bunt bemalt.<\/p>\n<p><span style=\"font-size: 75%;\">Dekorationsartikel geh\u00f6ren nicht zum Lieferumfang<\/span><\/p>\n<p><span style=\"font-size: 75%;\">****Wind- und Schmutzschutz an der Unterkante der Seitenw\u00e4nde des Zeltes angen\u00e4ht. Aus dem Obermaterial gefertigt, also aus impr\u00e4gnierter Baumwolle oder Leinen in der Gewichtung wie im Produkt beschrieben. Sch\u00fctzt die W\u00e4nde vor Schmutz bei aufgeweichten Wiesen und unterdr\u00fcckt Zugluft bei Wind.<\/span><\/p>\n","protected":false},"excerpt":{"rendered":"<p>Ein kleines Zweimast-Pavillonzelt aus Baumwolle. Breite am Boden 3 Meter L\u00e4nge am Boden 6 Meter Inklusive Abspannung mindestens 6 x 9 Meter. H\u00f6he 3,5 Meter Impr\u00e4gnierte Baumwolle ca. 360g\/qm oder Impr\u00e4gniertes Leinen ca. 600 g\/qm Optional mit nicht sichtbaren Kunststoffstreifen in den N\u00e4hten zur Verst\u00e4rkung und zur besseren Abdichtung (+ 250 Euro). Lieferzeit maximal 4 [&#8230;]\n","protected":false},"featured_media":398,"comment_status":"open","ping_status":"closed","template":"","meta":[],"product_brand":[],"product_cat":[82],"product_tag":[],"class_list":{"0":"post-397","1":"product","2":"type-product","3":"status-publish","4":"has-post-thumbnail","6":"product_cat-zelte","7":"product_shipping_class-stdversand","8":"tm-has-options","10":"first","11":"instock","12":"featured","13":"taxable","14":"shipping-taxable","15":"purchasable","16":"product-type-simple"},"_links":{"self":[{"href":"https:\/\/www.mittelalterkraemer.de\/index.php?rest_route=\/wp\/v2\/product\/397","targetHints":{"allow":["GET"]}}],"collection":[{"href":"https:\/\/www.mittelalterkraemer.de\/index.php?rest_route=\/wp\/v2\/product"}],"about":[{"href":"https:\/\/www.mittelalterkraemer.de\/index.php?rest_route=\/wp\/v2\/types\/product"}],"replies":[{"embeddable":true,"href":"https:\/\/www.mittelalterkraemer.de\/index.php?rest_route=%2Fwp%2Fv2%2Fcomments&post=397"}],"wp:featuredmedia":[{"embeddable":true,"href":"https:\/\/www.mittelalterkraemer.de\/index.php?rest_route=\/wp\/v2\/media\/398"}],"wp:attachment":[{"href":"https:\/\/www.mittelalterkraemer.de\/index.php?rest_route=%2Fwp%2Fv2%2Fmedia&parent=397"}],"wp:term":[{"taxonomy":"product_brand","embeddable":true,"href":"https:\/\/www.mittelalterkraemer.de\/index.php?rest_route=%2Fwp%2Fv2%2Fproduct_brand&post=397"},{"taxonomy":"product_cat","embeddable":true,"href":"https:\/\/www.mittelalterkraemer.de\/index.php?rest_route=%2Fwp%2Fv2%2Fproduct_cat&post=397"},{"taxonomy":"product_tag","embeddable":true,"href":"https:\/\/www.mittelalterkraemer.de\/index.php?rest_route=%2Fwp%2Fv2%2Fproduct_tag&post=397"}],"curies":[{"name":"wp","href":"https:\/\/api.w.org\/{rel}","templated":true}]}}