{"id":436,"date":"2020-09-25T12:27:00","date_gmt":"2020-09-25T10:27:00","guid":{"rendered":"http:\/\/www.mittelalterkraemer.de\/?product=spule"},"modified":"2026-01-12T14:48:14","modified_gmt":"2026-01-12T13:48:14","slug":"spule","status":"publish","type":"product","link":"https:\/\/www.mittelalterkraemer.de\/?product=spule","title":{"rendered":"Spule"},"content":{"rendered":"<p>Spule aus Birkenholz<br \/>\nBreite der Spule: 11,5 cm<\/p>\n<p><b>Spule zum Aufwickeln von Garnresten, zum Flicken auf Lager oder um die selbst gesponnene F\u00e4den ansprechend zu pr\u00e4sentieren und praktisch aufzubewahren und transportieren.<\/b><\/p>\n<p><span style=\"font-size: 75%;\">Dekorationsartikel geh\u00f6ren nicht zum Lieferumfang. Lieferzeit 3-5 Tage*****.<\/span><\/p>\n<p><span style=\"font-size: 75%;\">***** gilt f\u00fcr Lieferungen innerhalb Deutschlands, Lieferzeiten f\u00fcr andere L\u00e4nder entnehmen Sie bitte der Schaltfl\u00e4che mit den Versandinformationen<\/span><\/p>\n","protected":false},"excerpt":{"rendered":"<p>Spule aus Birkenholz Breite der Spule: 11,5 cm Spule zum Aufwickeln von Garnresten, zum Flicken auf Lager oder um die selbst gesponnene F\u00e4den ansprechend zu pr\u00e4sentieren und praktisch aufzubewahren und transportieren. Dekorationsartikel geh\u00f6ren nicht zum Lieferumfang. Lieferzeit 3-5 Tage*****. ***** gilt f\u00fcr Lieferungen innerhalb Deutschlands, Lieferzeiten f\u00fcr andere L\u00e4nder entnehmen Sie bitte der Schaltfl\u00e4che mit [&#8230;]\n","protected":false},"featured_media":437,"comment_status":"open","ping_status":"closed","template":"","meta":[],"product_brand":[],"product_cat":[81,84,85,144],"product_tag":[],"class_list":{"0":"post-436","1":"product","2":"type-product","3":"status-publish","4":"has-post-thumbnail","6":"product_cat-lagerausstattung","7":"product_cat-rohstoffe","8":"product_cat-bastelbedarf","9":"product_cat-alltagsgegenstaende","10":"product_shipping_class-stdversand","11":"tm-no-options","13":"first","14":"outofstock","15":"taxable","16":"shipping-taxable","17":"purchasable","18":"product-type-simple"},"_links":{"self":[{"href":"https:\/\/www.mittelalterkraemer.de\/index.php?rest_route=\/wp\/v2\/product\/436","targetHints":{"allow":["GET"]}}],"collection":[{"href":"https:\/\/www.mittelalterkraemer.de\/index.php?rest_route=\/wp\/v2\/product"}],"about":[{"href":"https:\/\/www.mittelalterkraemer.de\/index.php?rest_route=\/wp\/v2\/types\/product"}],"replies":[{"embeddable":true,"href":"https:\/\/www.mittelalterkraemer.de\/index.php?rest_route=%2Fwp%2Fv2%2Fcomments&post=436"}],"wp:featuredmedia":[{"embeddable":true,"href":"https:\/\/www.mittelalterkraemer.de\/index.php?rest_route=\/wp\/v2\/media\/437"}],"wp:attachment":[{"href":"https:\/\/www.mittelalterkraemer.de\/index.php?rest_route=%2Fwp%2Fv2%2Fmedia&parent=436"}],"wp:term":[{"taxonomy":"product_brand","embeddable":true,"href":"https:\/\/www.mittelalterkraemer.de\/index.php?rest_route=%2Fwp%2Fv2%2Fproduct_brand&post=436"},{"taxonomy":"product_cat","embeddable":true,"href":"https:\/\/www.mittelalterkraemer.de\/index.php?rest_route=%2Fwp%2Fv2%2Fproduct_cat&post=436"},{"taxonomy":"product_tag","embeddable":true,"href":"https:\/\/www.mittelalterkraemer.de\/index.php?rest_route=%2Fwp%2Fv2%2Fproduct_tag&post=436"}],"curies":[{"name":"wp","href":"https:\/\/api.w.org\/{rel}","templated":true}]}}