{"id":457,"date":"2020-09-25T12:27:18","date_gmt":"2020-09-25T12:27:18","guid":{"rendered":"http:\/\/www.mittelalterkraemer.de\/?product=spaetmittelalter-langes-hemd-untergewand"},"modified":"2026-01-13T16:18:07","modified_gmt":"2026-01-13T15:18:07","slug":"spaetmittelalter-langes-hemd-untergewand","status":"publish","type":"product","link":"https:\/\/www.mittelalterkraemer.de\/?product=spaetmittelalter-langes-hemd-untergewand","title":{"rendered":"Sp\u00e4tmittelalter &#8211; Langes Hemd (Untergewand)"},"content":{"rendered":"<p>Ein langes Hemd aus Leinen in der f\u00fcr das Sp\u00e4tmittelalter typischen Form.<\/p>\n<p>S: 83-90 cm Brustumfang, K\u00f6rpergr\u00f6\u00dfe 160-165 cm. Die L\u00e4nge des Hemdes betr\u00e4gt 115 cm. Die \u00c4rmell\u00e4nge 55 cm.<br \/>\nM: 90-97 cm Brustumfang, K\u00f6rpergr\u00f6\u00dfe 165-170 cm. Die L\u00e4nge des Hemdes betr\u00e4gt 120 cm. Die \u00c4rmell\u00e4nge 55 cm.<br \/>\nL: 97-104 cm Brustumfang, K\u00f6rpergr\u00f6\u00dfe 170-175 cm. Die L\u00e4nge des Hemdes betr\u00e4gt 125 cm. Die \u00c4rmell\u00e4nge 55 cm.<br \/>\nXL: 104-114 cm Brustumfang, K\u00f6rpergr\u00f6\u00dfe 175-180 cm. Die L\u00e4nge des Hemdes betr\u00e4gt 130 cm. Die \u00c4rmell\u00e4nge 55 cm.<br \/>\nXXL: 114-124 cm Brustumfang, K\u00f6rpergr\u00f6\u00dfe 180-185 cm. Die L\u00e4nge des Hemdes betr\u00e4gt 135 cm. Die \u00c4rmell\u00e4nge 55 cm.<\/p>\n<p>Herstellungsdauer 4 \u2013 6 Wochen.<\/p>\n<p>Alle sichtbaren N\u00e4hte sind handvern\u00e4ht.<\/p>\n<p>Ma\u00dfanfertigungen sind f\u00fcr einen Aufpreis von 20% ebenfalls m\u00f6glich.<br \/>\nWaren auf Ma\u00df sind vom Umtausch ausgeschlossen.<br \/>\nEine Tabelle f\u00fcr die erforderlichen Ma\u00dfe wird von uns nach Zahlungseingang versendet.<\/p>\n<p>Leinen &#8211; ca. 154 Gramm pro Quadratmeter<\/p>\n<p><b>Dieses lange Damenunterkleid hat einen runden und deutlich gr\u00f6\u00dferen Ausschnitt als das Vorg\u00e4ngermodell, was den Obergew\u00e4ndern geschuldet war die einiges freiz\u00fcgiger geschnitten waren als im Hochmittelalter.<br \/>\nAber es hat auch lange \u00c4rmel, genau wie die Hemden der M\u00e4nner. Das Hemd der Damen war jedoch lang und reichte bis zu den Fu\u00dfkn\u00f6cheln<\/b><\/p>\n<p>Das leinene Leibhemd wurde als eine Art Unterhemd direkt auf der Haut getragen und war daher wie die Bruche Unterw\u00e4sche und das einzige Kleidungsst\u00fcck der mittelalterlichen Frau das regelm\u00e4\u00dfig gewaschen wurde. Es sch\u00fctzte wie das Hemd und die Bruche der M\u00e4nner die Oberbekleidung aus Wolle vor dem Schwitzen und anderen Verschmutzungen durch den K\u00f6rper und wurde Tag und Nacht getragen.<\/p>\n<p>Das Hemd als Kleidungsst\u00fcck hatten alle Menschen des Mittelalters egal welchen Standes gemeinsam. Die Hemden der Damen waren lediglich l\u00e4nger und reichten bis zu den Kn\u00f6cheln. Edle Damen leisteten sich auch Unterkleider aus Seide und gegen Ende des Mittelalters aus Baumwolle.<\/p>\n<p>Von der Damenunterw\u00e4sche ist mir keine Bildquelle bekannt. Ganz im Gegensatz zur Bruche ist sie uns als Bild wohl nicht \u00fcberliefert.<\/p>\n<p><span style=\"font-size: 75%;\">Dekorationsartikel geh\u00f6ren nicht zum Lieferumfang<\/span><\/p>\n<p><span style=\"font-size: 75%;\">*Ma\u00dfgefertigte Produkte werden individuell auf vom Kunden zur Verf\u00fcgung gestellten Ma\u00dfen angefertigt. Die entsprechende Ma\u00dftabelle wird nach Bestellung an die angegebene E-Mail-Adresse versendet. Die Ma\u00dfe m\u00fcssen so genommen werden wie die Kleidung nachher getragen werden soll, also mit entsprechender Unterw\u00e4sche\/-kleidung, falls gew\u00fcnscht.<\/span><\/p>\n","protected":false},"excerpt":{"rendered":"<p>Ein langes Hemd aus Leinen in der f\u00fcr das Sp\u00e4tmittelalter typischen Form. S: 83-90 cm Brustumfang, K\u00f6rpergr\u00f6\u00dfe 160-165 cm. Die L\u00e4nge des Hemdes betr\u00e4gt 115 cm. Die \u00c4rmell\u00e4nge 55 cm. M: 90-97 cm Brustumfang, K\u00f6rpergr\u00f6\u00dfe 165-170 cm. Die L\u00e4nge des Hemdes betr\u00e4gt 120 cm. Die \u00c4rmell\u00e4nge 55 cm. L: 97-104 cm Brustumfang, K\u00f6rpergr\u00f6\u00dfe 170-175 cm. [&#8230;]\n","protected":false},"featured_media":12145,"comment_status":"closed","ping_status":"closed","template":"","meta":[],"product_brand":[],"product_cat":[74,88],"product_tag":[],"class_list":{"0":"post-457","1":"product","2":"type-product","3":"status-publish","4":"has-post-thumbnail","6":"product_cat-kleidung-damen","7":"product_cat-unterbekleidung-kleidung-damen","8":"tm-has-options","10":"first","11":"instock","12":"taxable","13":"shipping-taxable","14":"purchasable","15":"product-type-variable","16":"has-default-attributes"},"_links":{"self":[{"href":"https:\/\/www.mittelalterkraemer.de\/index.php?rest_route=\/wp\/v2\/product\/457","targetHints":{"allow":["GET"]}}],"collection":[{"href":"https:\/\/www.mittelalterkraemer.de\/index.php?rest_route=\/wp\/v2\/product"}],"about":[{"href":"https:\/\/www.mittelalterkraemer.de\/index.php?rest_route=\/wp\/v2\/types\/product"}],"replies":[{"embeddable":true,"href":"https:\/\/www.mittelalterkraemer.de\/index.php?rest_route=%2Fwp%2Fv2%2Fcomments&post=457"}],"wp:featuredmedia":[{"embeddable":true,"href":"https:\/\/www.mittelalterkraemer.de\/index.php?rest_route=\/wp\/v2\/media\/12145"}],"wp:attachment":[{"href":"https:\/\/www.mittelalterkraemer.de\/index.php?rest_route=%2Fwp%2Fv2%2Fmedia&parent=457"}],"wp:term":[{"taxonomy":"product_brand","embeddable":true,"href":"https:\/\/www.mittelalterkraemer.de\/index.php?rest_route=%2Fwp%2Fv2%2Fproduct_brand&post=457"},{"taxonomy":"product_cat","embeddable":true,"href":"https:\/\/www.mittelalterkraemer.de\/index.php?rest_route=%2Fwp%2Fv2%2Fproduct_cat&post=457"},{"taxonomy":"product_tag","embeddable":true,"href":"https:\/\/www.mittelalterkraemer.de\/index.php?rest_route=%2Fwp%2Fv2%2Fproduct_tag&post=457"}],"curies":[{"name":"wp","href":"https:\/\/api.w.org\/{rel}","templated":true}]}}