{"id":462,"date":"2020-09-25T12:27:18","date_gmt":"2020-09-25T12:27:18","guid":{"rendered":"http:\/\/www.mittelalterkraemer.de\/?product=spaetmittelalter-damencotthardie"},"modified":"2026-01-13T16:21:18","modified_gmt":"2026-01-13T15:21:18","slug":"spaetmittelalter-damencotthardie","status":"publish","type":"product","link":"https:\/\/www.mittelalterkraemer.de\/?product=spaetmittelalter-damencotthardie","title":{"rendered":"Sp\u00e4tmittelalter &#8211; Damencotthardie"},"content":{"rendered":"<p>Damen-Cotthardie aus Wolle gef\u00fcttert mit Leinen<\/p>\n<p>S: 83-90 cm Brustumfang, 67-74 cm Taillenumfang, 91-98 cm H\u00fcftumfang, K\u00f6rpergr\u00f6\u00dfe 160-165 cm<br \/>\nM: 90-97 cm Brustumfang, 74-81 cm Taillenumfang, 98-105 cm H\u00fcftumfang, K\u00f6rpergr\u00f6\u00dfe 165-170 cm<br \/>\nL: 97-104 cm Brustumfang, 81-88 cm Taillenumfang, 105-112 cm H\u00fcftumfang, K\u00f6rpergr\u00f6\u00dfe 170-175 cm<br \/>\nXL: 104-114 cm Brustumfang, 88-98 cm Taillenumfang, 112-120 cm H\u00fcftumfang, K\u00f6rpergr\u00f6\u00dfe 175-180 cm<br \/>\nXXL: 114-124 cm Brustumfang, 98-108 cm Taillenumfang, 120-128 cm H\u00fcftumfang, K\u00f6rpergr\u00f6\u00dfe 180-185 cm<\/p>\n<p>Ma\u00dfanfertigungen sind f\u00fcr einen Aufpreis von 20% ebenfalls m\u00f6glich.*<br \/>\nWaren auf Ma\u00df sind vom Umtausch ausgeschlossen.<br \/>\nEine Tabelle f\u00fcr die erforderlichen Ma\u00dfe wird von uns nach Zahlungseingang versendet.<\/p>\n<p>Herstellungsdauer 4 \u2013 6 Wochen<\/p>\n<p>Alle sichtbaren N\u00e4hte handvern\u00e4ht.<\/p>\n<p>Wolle &#8211; ca. 370 Gramm pro Quadratmeter<br \/>\nLeinen &#8211; ca. 230 Gramm pro Quadratmeter<\/p>\n<p><b>Ein Cottehardie f\u00fcr Damen, wie sie im 14. Jh. \u00fcblich war. Das \u00dcbergewand wurde \u00fcber der Cotta getragen.<br \/>\nDas Gewand ist oben eng genschnitten und hat ab der H\u00fcfte zwei Keile eingen\u00e4ht die es sehr weit werden l\u00e4sst. Das wieder sorgt daf\u00fcr dass die Gew\u00e4nder von Mittelalterkr\u00e4mer sch\u00f6n fallen, man sie sch\u00f6n raffen kann und man sich \u00fcber seine Schrittl\u00e4nge keine Sorgen machen muss.<br \/>\nVerschlossen wird das Gewand mit 15 gegossenen Zinnkn\u00f6pfen vom Hals bis zum Schritt und an den langen \u00c4rmeln finden sich jeweils weitere sieben Kn\u00f6pfe.<\/b><\/p>\n<p><span style=\"font-size: 75%;\">Dekorationsartikel geh\u00f6ren nicht zum Lieferumfang<\/span><\/p>\n<p><span style=\"font-size: 75%;\">*Ma\u00dfgefertigte Produkte werden individuell auf vom Kunden zur Verf\u00fcgung gestellten Ma\u00dfen angefertigt. Die entsprechende Ma\u00dftabelle wird nach Bestellung an die angegebene E-Mail-Adresse versendet. Die Ma\u00dfe m\u00fcssen so genommen werden wie die Kleidung nachher getragen werden soll, also mit entsprechender Unterw\u00e4sche\/-kleidung, falls gew\u00fcnscht.<\/span><\/p>\n<p><span style=\"font-size: 75%;\">**Komplett handvern\u00e4ht bedeutet dass alle N\u00e4hte von Hand vern\u00e4ht werden, inklusive aller sichtbaren und unsichtbaren N\u00e4hte.<\/span><\/p>\n<p><span style=\"font-size: 75%;\">***Wollstoff aus mindestens 80% Wolle und h\u00f6chstens 20% Polyamid<\/span><\/p>\n","protected":false},"excerpt":{"rendered":"<p>Damen-Cotthardie aus Wolle gef\u00fcttert mit Leinen S: 83-90 cm Brustumfang, 67-74 cm Taillenumfang, 91-98 cm H\u00fcftumfang, K\u00f6rpergr\u00f6\u00dfe 160-165 cm M: 90-97 cm Brustumfang, 74-81 cm Taillenumfang, 98-105 cm H\u00fcftumfang, K\u00f6rpergr\u00f6\u00dfe 165-170 cm L: 97-104 cm Brustumfang, 81-88 cm Taillenumfang, 105-112 cm H\u00fcftumfang, K\u00f6rpergr\u00f6\u00dfe 170-175 cm XL: 104-114 cm Brustumfang, 88-98 cm Taillenumfang, 112-120 cm H\u00fcftumfang, [&#8230;]\n","protected":false},"featured_media":12401,"comment_status":"closed","ping_status":"closed","template":"","meta":[],"product_brand":[],"product_cat":[89,90],"product_tag":[],"class_list":{"0":"post-462","1":"product","2":"type-product","3":"status-publish","4":"has-post-thumbnail","6":"product_cat-bekleidung","7":"product_cat-oberbekleidung-maentel","8":"tm-has-options","10":"first","11":"instock","12":"taxable","13":"shipping-taxable","14":"purchasable","15":"product-type-variable","16":"has-default-attributes"},"_links":{"self":[{"href":"https:\/\/www.mittelalterkraemer.de\/index.php?rest_route=\/wp\/v2\/product\/462","targetHints":{"allow":["GET"]}}],"collection":[{"href":"https:\/\/www.mittelalterkraemer.de\/index.php?rest_route=\/wp\/v2\/product"}],"about":[{"href":"https:\/\/www.mittelalterkraemer.de\/index.php?rest_route=\/wp\/v2\/types\/product"}],"replies":[{"embeddable":true,"href":"https:\/\/www.mittelalterkraemer.de\/index.php?rest_route=%2Fwp%2Fv2%2Fcomments&post=462"}],"wp:featuredmedia":[{"embeddable":true,"href":"https:\/\/www.mittelalterkraemer.de\/index.php?rest_route=\/wp\/v2\/media\/12401"}],"wp:attachment":[{"href":"https:\/\/www.mittelalterkraemer.de\/index.php?rest_route=%2Fwp%2Fv2%2Fmedia&parent=462"}],"wp:term":[{"taxonomy":"product_brand","embeddable":true,"href":"https:\/\/www.mittelalterkraemer.de\/index.php?rest_route=%2Fwp%2Fv2%2Fproduct_brand&post=462"},{"taxonomy":"product_cat","embeddable":true,"href":"https:\/\/www.mittelalterkraemer.de\/index.php?rest_route=%2Fwp%2Fv2%2Fproduct_cat&post=462"},{"taxonomy":"product_tag","embeddable":true,"href":"https:\/\/www.mittelalterkraemer.de\/index.php?rest_route=%2Fwp%2Fv2%2Fproduct_tag&post=462"}],"curies":[{"name":"wp","href":"https:\/\/api.w.org\/{rel}","templated":true}]}}