{"id":468,"date":"2020-09-25T12:27:18","date_gmt":"2020-09-25T12:27:18","guid":{"rendered":"http:\/\/www.mittelalterkraemer.de\/?product=spaetmittelalter-damengugel"},"modified":"2026-01-13T16:25:24","modified_gmt":"2026-01-13T15:25:24","slug":"spaetmittelalter-damengugel","status":"publish","type":"product","link":"https:\/\/www.mittelalterkraemer.de\/?product=spaetmittelalter-damengugel","title":{"rendered":"Sp\u00e4tmittelalter &#8211; Damengugel"},"content":{"rendered":"<p>Eine gekn\u00f6pfte Gugel f\u00fcr Damen mit langem Zipfel aus Wolle mit Leinen gef\u00fcttert<br \/>\nMa\u00dfgeschneidert<br \/>\nHerstellungsdauer 4 &#8211; 6 Wochen<\/p>\n<p>Alle sichtbaren N\u00e4hte handvern\u00e4ht.<\/p>\n<p>Wolle &#8211; ca. 370 Gramm pro Quadratmeter<br \/>\nLeinen &#8211; ca. 230 Gramm pro Quadratmeter<\/p>\n<p><b>Diese Gugel wei\u00dft den f\u00fcr das 15. Jahrhundert typischen langen Zipfel auf und kann vorne mit 12 gegossenen Zinnkn\u00f6pfen geschlossen werden.<br \/>\nDie lange Spitze ist nicht nur modische Erscheinung, sondern kann auch als Schal und Mundschutz um den Kopf gewunden werden.<\/b><\/p>\n<p><span style=\"font-size: 75%;\">Dekorationsartikel geh\u00f6ren nicht zum Lieferumfang<\/span><\/p>\n<p><span style=\"font-size: 75%;\">*Ma\u00dfgefertigte Produkte werden individuell auf vom Kunden zur Verf\u00fcgung gestellten Ma\u00dfen angefertigt. Die entsprechende Ma\u00dftabelle wird nach Bestellung an die angegebene E-Mail-Adresse versendet. Die Ma\u00dfe m\u00fcssen so genommen werden wie die Kleidung nachher getragen werden soll, also mit entsprechender Unterw\u00e4sche\/-kleidung, falls gew\u00fcnscht.<\/span><\/p>\n<p><span style=\"font-size: 75%;\">**Komplett handvern\u00e4ht bedeutet dass alle N\u00e4hte von Hand vern\u00e4ht werden, inklusive aller sichtbaren und unsichtbaren N\u00e4hte.<\/span><\/p>\n<p><span style=\"font-size: 75%;\">***Wollstoff aus mindestens 80% Wolle und h\u00f6chstens 20% Polyamid<\/span><\/p>\n","protected":false},"excerpt":{"rendered":"<p>Eine gekn\u00f6pfte Gugel f\u00fcr Damen mit langem Zipfel aus Wolle mit Leinen gef\u00fcttert Ma\u00dfgeschneidert Herstellungsdauer 4 &#8211; 6 Wochen Alle sichtbaren N\u00e4hte handvern\u00e4ht. Wolle &#8211; ca. 370 Gramm pro Quadratmeter Leinen &#8211; ca. 230 Gramm pro Quadratmeter Diese Gugel wei\u00dft den f\u00fcr das 15. Jahrhundert typischen langen Zipfel auf und kann vorne mit 12 gegossenen [&#8230;]\n","protected":false},"featured_media":12409,"comment_status":"closed","ping_status":"closed","template":"","meta":[],"product_brand":[],"product_cat":[90,91],"product_tag":[],"class_list":{"0":"post-468","1":"product","2":"type-product","3":"status-publish","4":"has-post-thumbnail","6":"product_cat-oberbekleidung-maentel","7":"product_cat-kopfbedeckungen","8":"tm-has-options","10":"first","11":"instock","12":"taxable","13":"shipping-taxable","14":"purchasable","15":"product-type-variable"},"_links":{"self":[{"href":"https:\/\/www.mittelalterkraemer.de\/index.php?rest_route=\/wp\/v2\/product\/468","targetHints":{"allow":["GET"]}}],"collection":[{"href":"https:\/\/www.mittelalterkraemer.de\/index.php?rest_route=\/wp\/v2\/product"}],"about":[{"href":"https:\/\/www.mittelalterkraemer.de\/index.php?rest_route=\/wp\/v2\/types\/product"}],"replies":[{"embeddable":true,"href":"https:\/\/www.mittelalterkraemer.de\/index.php?rest_route=%2Fwp%2Fv2%2Fcomments&post=468"}],"wp:featuredmedia":[{"embeddable":true,"href":"https:\/\/www.mittelalterkraemer.de\/index.php?rest_route=\/wp\/v2\/media\/12409"}],"wp:attachment":[{"href":"https:\/\/www.mittelalterkraemer.de\/index.php?rest_route=%2Fwp%2Fv2%2Fmedia&parent=468"}],"wp:term":[{"taxonomy":"product_brand","embeddable":true,"href":"https:\/\/www.mittelalterkraemer.de\/index.php?rest_route=%2Fwp%2Fv2%2Fproduct_brand&post=468"},{"taxonomy":"product_cat","embeddable":true,"href":"https:\/\/www.mittelalterkraemer.de\/index.php?rest_route=%2Fwp%2Fv2%2Fproduct_cat&post=468"},{"taxonomy":"product_tag","embeddable":true,"href":"https:\/\/www.mittelalterkraemer.de\/index.php?rest_route=%2Fwp%2Fv2%2Fproduct_tag&post=468"}],"curies":[{"name":"wp","href":"https:\/\/api.w.org\/{rel}","templated":true}]}}