{"id":478,"date":"2020-09-25T12:27:18","date_gmt":"2020-09-25T12:27:18","guid":{"rendered":"http:\/\/www.mittelalterkraemer.de\/?product=spaetmittelalter-pilgerabzeichen-st-adrian"},"modified":"2026-01-12T14:48:14","modified_gmt":"2026-01-12T13:48:14","slug":"spaetmittelalter-pilgerabzeichen-st-adrian","status":"publish","type":"product","link":"https:\/\/www.mittelalterkraemer.de\/?product=spaetmittelalter-pilgerabzeichen-st-adrian","title":{"rendered":"Sp\u00e4tmittelalter &#8211; Pilgerabzeichen &#8220;St. Adrian&#8221;"},"content":{"rendered":"<p>Ein Pilgerabzeichen aus Zinn.<br \/>\nMa\u00dfe: 8 cm auf 3,5 cm<\/p>\n<p><b>Hier handelt es sich um die Nachbildung eines Pilgerabzeichen das nicht wie \u00fcblich den Pilgern des Mittelalters verliehen wurde wenn sie zu einer heiligen St\u00e4tte oder Reliquie pilgerten. Das Beispiel das wir hier anbieten stammt aus Geraardsbergen im heutigen Belgien. Es gibt aber auch Pilgerst\u00e4tten in Rom in der Kirche &#8220;Sant\u2019Adriano al Foro&#8221; und in W\u00fcrzburg. St. Adrian war und ist der Patron von Soldaten, Waffenh\u00e4ndler, Wachen und Schmiede, aber auch der Metzger und Brauer<br \/>\n<\/b><\/p>\n<p>Hadrian oder Adrianus war r\u00f6mischer Offizier und lie\u00df damals 23 Christen gefangen nehmen und foltern. Keiner der Gefolterten verleugnete seinen Glauben und Adrian fragte sie warum. Sie antworteten dass Sie es ertragen weil sie selig werden wollen in den Augen Gottes. Adrian war derart beeindruckt dass er sich sofort auf die Liste der Gefangenen setzen lie\u00df. Er wurde deshalb sofort verhaftet und gefoltert. Unter anderem wurden ihm seine F\u00fc\u00dfe auf einem Amboss zerschmettert, weswegen man ihn als Heiligenfigur oft auf dem Amboss stehend darstellt.<\/p>\n<p>Ebenfalls interessant, weil au\u00dfergew\u00f6hnlich, ist die Tatsache dass seine Frau Natalia ihm in Folter und Tod folgte. Auch sie wurde daf\u00fcr heilig gesprochen.<\/p>\n<p>Das Material dieser Fundst\u00fccke datierte von 1450 bis 1500.<br \/>\nPilgerzeichen an sich sind ab Mitte des 12. Jahrhunderts \u00fcblich.<\/p>\n<p>Dekorationsartikel geh\u00f6ren nicht zum Lieferumfang. Lieferzeit 3-5 Tage*****.<\/p>\n<p><span style=\"font-size: 75%;\">***** gilt f\u00fcr Lieferungen innerhalb Deutschlands, Lieferzeiten f\u00fcr andere L\u00e4nder entnehmen Sie bitte der Schaltfl\u00e4che mit den Versandinformationen<\/span><\/p>\n","protected":false},"excerpt":{"rendered":"<p>Ein Pilgerabzeichen aus Zinn. Ma\u00dfe: 8 cm auf 3,5 cm Hier handelt es sich um die Nachbildung eines Pilgerabzeichen das nicht wie \u00fcblich den Pilgern des Mittelalters verliehen wurde wenn sie zu einer heiligen St\u00e4tte oder Reliquie pilgerten. Das Beispiel das wir hier anbieten stammt aus Geraardsbergen im heutigen Belgien. Es gibt aber auch Pilgerst\u00e4tten [&#8230;]\n","protected":false},"featured_media":12101,"comment_status":"open","ping_status":"closed","template":"","meta":[],"product_brand":[],"product_cat":[77,130],"product_tag":[],"class_list":{"0":"post-478","1":"product","2":"type-product","3":"status-publish","4":"has-post-thumbnail","6":"product_cat-accessoires","7":"product_cat-geschmeide-sakramentale","8":"tm-no-options","10":"first","11":"instock","12":"taxable","13":"shipping-taxable","14":"purchasable","15":"product-type-simple"},"_links":{"self":[{"href":"https:\/\/www.mittelalterkraemer.de\/index.php?rest_route=\/wp\/v2\/product\/478","targetHints":{"allow":["GET"]}}],"collection":[{"href":"https:\/\/www.mittelalterkraemer.de\/index.php?rest_route=\/wp\/v2\/product"}],"about":[{"href":"https:\/\/www.mittelalterkraemer.de\/index.php?rest_route=\/wp\/v2\/types\/product"}],"replies":[{"embeddable":true,"href":"https:\/\/www.mittelalterkraemer.de\/index.php?rest_route=%2Fwp%2Fv2%2Fcomments&post=478"}],"wp:featuredmedia":[{"embeddable":true,"href":"https:\/\/www.mittelalterkraemer.de\/index.php?rest_route=\/wp\/v2\/media\/12101"}],"wp:attachment":[{"href":"https:\/\/www.mittelalterkraemer.de\/index.php?rest_route=%2Fwp%2Fv2%2Fmedia&parent=478"}],"wp:term":[{"taxonomy":"product_brand","embeddable":true,"href":"https:\/\/www.mittelalterkraemer.de\/index.php?rest_route=%2Fwp%2Fv2%2Fproduct_brand&post=478"},{"taxonomy":"product_cat","embeddable":true,"href":"https:\/\/www.mittelalterkraemer.de\/index.php?rest_route=%2Fwp%2Fv2%2Fproduct_cat&post=478"},{"taxonomy":"product_tag","embeddable":true,"href":"https:\/\/www.mittelalterkraemer.de\/index.php?rest_route=%2Fwp%2Fv2%2Fproduct_tag&post=478"}],"curies":[{"name":"wp","href":"https:\/\/api.w.org\/{rel}","templated":true}]}}