{"id":508,"date":"2020-09-25T12:27:39","date_gmt":"2020-09-25T10:27:39","guid":{"rendered":"http:\/\/www.mittelalterkraemer.de\/?product=gutschein-ueber-25-euro"},"modified":"2026-01-13T14:36:29","modified_gmt":"2026-01-13T13:36:29","slug":"gutschein-ueber-25-euro","status":"publish","type":"product","link":"https:\/\/www.mittelalterkraemer.de\/?product=gutschein-ueber-25-euro","title":{"rendered":"Gutschein \u00fcber 25 Euro"},"content":{"rendered":"<p><b>Endlich auch bei Mittelalterkr\u00e4mer!<\/b><\/p>\n<p>Gutscheine zum Verschenken zu Geburtstag, Ostern oder Weihnachten.<br \/>\nOder als Dankesch\u00f6n einfach mal so.<br \/>\nOder als Belohnung f\u00fcr einen Arbeitseinsatz im Verein, oder in der Gruppe.<\/p>\n<p>Dieser Gutschein erm\u00e4chtigt den Besitzer zum Tausch gegen Waren des Mittelalterkr\u00e4mers im Wert von 25 Euro. Auszahlung ist nicht m\u00f6glich. Auch Restbetr\u00e4ge werden einbehalten.<\/p>\n<p>Wir versenden diesen Gutschein als sch\u00f6n gedrucktes Exemplar (durchaus Geschenk-tauglich).<\/p>\n<p><span style=\"font-size: 75%;\">Dekorationsartikel geh\u00f6ren nicht zum Lieferumfang. Lieferzeit 3-5 Tage*****.<\/span><\/p>\n<p><span style=\"font-size: 75%;\">***** gilt f\u00fcr Lieferungen innerhalb Deutschlands, Lieferzeiten f\u00fcr andere L\u00e4nder entnehmen Sie bitte der Schaltfl\u00e4che mit den Versandinformationen<\/span><\/p>\n","protected":false},"excerpt":{"rendered":"<p>Endlich auch bei Mittelalterkr\u00e4mer! Gutscheine zum Verschenken zu Geburtstag, Ostern oder Weihnachten. Oder als Dankesch\u00f6n einfach mal so. Oder als Belohnung f\u00fcr einen Arbeitseinsatz im Verein, oder in der Gruppe. Dieser Gutschein erm\u00e4chtigt den Besitzer zum Tausch gegen Waren des Mittelalterkr\u00e4mers im Wert von 25 Euro. Auszahlung ist nicht m\u00f6glich. Auch Restbetr\u00e4ge werden einbehalten. Wir [&#8230;]\n","protected":false},"featured_media":509,"comment_status":"open","ping_status":"closed","template":"","meta":[],"product_brand":[],"product_cat":[78,144],"product_tag":[],"class_list":{"0":"post-508","1":"product","2":"type-product","3":"status-publish","4":"has-post-thumbnail","6":"product_cat-gutscheine-geschenkideen","7":"product_cat-alltagsgegenstaende","8":"product_shipping_class-gutscheine","9":"tm-no-options","11":"first","12":"instock","13":"purchasable","14":"product-type-simple"},"_links":{"self":[{"href":"https:\/\/www.mittelalterkraemer.de\/index.php?rest_route=\/wp\/v2\/product\/508","targetHints":{"allow":["GET"]}}],"collection":[{"href":"https:\/\/www.mittelalterkraemer.de\/index.php?rest_route=\/wp\/v2\/product"}],"about":[{"href":"https:\/\/www.mittelalterkraemer.de\/index.php?rest_route=\/wp\/v2\/types\/product"}],"replies":[{"embeddable":true,"href":"https:\/\/www.mittelalterkraemer.de\/index.php?rest_route=%2Fwp%2Fv2%2Fcomments&post=508"}],"wp:featuredmedia":[{"embeddable":true,"href":"https:\/\/www.mittelalterkraemer.de\/index.php?rest_route=\/wp\/v2\/media\/509"}],"wp:attachment":[{"href":"https:\/\/www.mittelalterkraemer.de\/index.php?rest_route=%2Fwp%2Fv2%2Fmedia&parent=508"}],"wp:term":[{"taxonomy":"product_brand","embeddable":true,"href":"https:\/\/www.mittelalterkraemer.de\/index.php?rest_route=%2Fwp%2Fv2%2Fproduct_brand&post=508"},{"taxonomy":"product_cat","embeddable":true,"href":"https:\/\/www.mittelalterkraemer.de\/index.php?rest_route=%2Fwp%2Fv2%2Fproduct_cat&post=508"},{"taxonomy":"product_tag","embeddable":true,"href":"https:\/\/www.mittelalterkraemer.de\/index.php?rest_route=%2Fwp%2Fv2%2Fproduct_tag&post=508"}],"curies":[{"name":"wp","href":"https:\/\/api.w.org\/{rel}","templated":true}]}}