{"id":535,"date":"2020-09-25T12:27:39","date_gmt":"2020-09-25T12:27:39","guid":{"rendered":"http:\/\/www.mittelalterkraemer.de\/?product=spaetmittelalter-scheckejopula"},"modified":"2026-01-12T14:40:36","modified_gmt":"2026-01-12T13:40:36","slug":"spaetmittelalter-scheckejopula","status":"publish","type":"product","link":"https:\/\/www.mittelalterkraemer.de\/?product=spaetmittelalter-scheckejopula","title":{"rendered":"Sp\u00e4tmittelalter &#8211; Schecke|Jopula"},"content":{"rendered":"<p>Eine gekn\u00f6pfte Schecke oder auch Jopula aus Wolle mit Leinen gef\u00fcttert.<\/p>\n<p>S: 92-100 cm Brustumfang, 80-88 cm Taillenumfang, 91-98 cm H\u00fcftumfang, K\u00f6rpergr\u00f6\u00dfe 170-176 cm<br \/>\nM: 100-108 cm Brustumfang, 88-96 cm Taillenumfang, 98-105 cm H\u00fcftumfang, K\u00f6rpergr\u00f6\u00dfe 176-182 cm<br \/>\nL: 108-116 cm Brustumfang, 96-104 cm Taillenumfang, 105-112 cm H\u00fcftumfang, K\u00f6rpergr\u00f6\u00dfe 182-188 cm<br \/>\nXL: 116-124 cm Brustumfang, 104-112 cm Taillenumfang, 112-120 cm H\u00fcftumfang, K\u00f6rpergr\u00f6\u00dfe 188-194 cm<br \/>\nXXL: 124-132 cm Brustumfang, 112-120 cm Taillenumfang, 120-128 cm H\u00fcftumfang, K\u00f6rpergr\u00f6\u00dfe 194-200 cm<\/p>\n<p>Ma\u00dfanfertigungen sind f\u00fcr einen Aufpreis von 20% ebenfalls m\u00f6glich.*<br \/>\nWaren auf Ma\u00df sind vom Umtausch ausgeschlossen.<br \/>\nEine Tabelle f\u00fcr die erforderlichen Ma\u00dfe wird von uns nach Zahlungseingang versendet.<\/p>\n<p>Herstellungsdauer 4 \u2013 6 Wochen<\/p>\n<p>Alle <a href=\"http:\/\/www.mittelalterkraemer.de\/?page_id=8722\"><u>Wollfarben<\/u><\/a> und <a href=\"http:\/\/www.mittelalterkraemer.de\/?page_id=8707\"><u>Leinenfarben<\/u><\/a> die zur Auswahl stehen sind hier zu sehen.<\/p>\n<p>Alle sichtbaren N\u00e4hte und L\u00f6cher sind handvern\u00e4ht.<\/p>\n<p>Wolle &#8211; ca. 370 Gramm pro Quadratmeter<br \/>\nLeinen &#8211; ca. 230 Gramm pro Quadratmeter<\/p>\n<p><b>Die Schecke hat lange \u00c4rmel und reicht bis knapp \u00fcber die Knie, au\u00dferdem ist sie aus Wollstoff gefertigt und mit einem andersfarbigen Leinenstoff gef\u00fcttert. Oft unterschieden sich F\u00fctterung und Obermaterial farblich stark und passten nach unseren Ma\u00dfst\u00e4ben \u00fcberhaupt nicht zusammen. Ab der H\u00fcfte sind Keile eingearbeitet. Geschlossen wird die Jopula mit ungef\u00e4hr 30 gegossenen Zinnkn\u00f6pfen.<\/b><\/p>\n<p><span style=\"font-size: 75%;\">Dekorationsartikel geh\u00f6ren nicht zum Lieferumfang<\/span><\/p>\n<p><span style=\"font-size: 75%;\">*Ma\u00dfgefertigte Produkte werden individuell auf vom Kunden zur Verf\u00fcgung gestellten Ma\u00dfen angefertigt. Die entsprechende Ma\u00dftabelle wird nach Bestellung an die angegebene E-Mail-Adresse versendet. Die Ma\u00dfe m\u00fcssen so genommen werden wie die Kleidung nachher getragen werden soll, also mit entsprechender Unterw\u00e4sche\/-kleidung, falls gew\u00fcnscht.<\/span><\/p>\n<p><span style=\"font-size: 75%;\">**Komplett handvern\u00e4ht bedeutet dass alle N\u00e4hte von Hand vern\u00e4ht werden, inklusive aller sichtbaren und unsichtbaren N\u00e4hte.<\/span><\/p>\n<p><span style=\"font-size: 75%;\">***Wollstoff aus mindestens 80% Wolle und h\u00f6chstens 20% Polyamid<\/span><\/p>\n","protected":false},"excerpt":{"rendered":"<p>Eine gekn\u00f6pfte Schecke oder auch Jopula aus Wolle mit Leinen gef\u00fcttert. S: 92-100 cm Brustumfang, 80-88 cm Taillenumfang, 91-98 cm H\u00fcftumfang, K\u00f6rpergr\u00f6\u00dfe 170-176 cm M: 100-108 cm Brustumfang, 88-96 cm Taillenumfang, 98-105 cm H\u00fcftumfang, K\u00f6rpergr\u00f6\u00dfe 176-182 cm L: 108-116 cm Brustumfang, 96-104 cm Taillenumfang, 105-112 cm H\u00fcftumfang, K\u00f6rpergr\u00f6\u00dfe 182-188 cm XL: 116-124 cm Brustumfang, 104-112 [&#8230;]\n","protected":false},"featured_media":536,"comment_status":"open","ping_status":"closed","template":"","meta":[],"product_brand":[],"product_cat":[75,94],"product_tag":[],"class_list":{"0":"post-535","1":"product","2":"type-product","3":"status-publish","4":"has-post-thumbnail","6":"product_cat-kleidung-herren","7":"product_cat-oberbekleidung-maentel-kleidung-herren","8":"product_shipping_class-stdversand","9":"tm-has-options","11":"first","12":"instock","13":"taxable","14":"shipping-taxable","15":"purchasable","16":"product-type-variable","17":"has-default-attributes"},"_links":{"self":[{"href":"https:\/\/www.mittelalterkraemer.de\/index.php?rest_route=\/wp\/v2\/product\/535","targetHints":{"allow":["GET"]}}],"collection":[{"href":"https:\/\/www.mittelalterkraemer.de\/index.php?rest_route=\/wp\/v2\/product"}],"about":[{"href":"https:\/\/www.mittelalterkraemer.de\/index.php?rest_route=\/wp\/v2\/types\/product"}],"replies":[{"embeddable":true,"href":"https:\/\/www.mittelalterkraemer.de\/index.php?rest_route=%2Fwp%2Fv2%2Fcomments&post=535"}],"wp:featuredmedia":[{"embeddable":true,"href":"https:\/\/www.mittelalterkraemer.de\/index.php?rest_route=\/wp\/v2\/media\/536"}],"wp:attachment":[{"href":"https:\/\/www.mittelalterkraemer.de\/index.php?rest_route=%2Fwp%2Fv2%2Fmedia&parent=535"}],"wp:term":[{"taxonomy":"product_brand","embeddable":true,"href":"https:\/\/www.mittelalterkraemer.de\/index.php?rest_route=%2Fwp%2Fv2%2Fproduct_brand&post=535"},{"taxonomy":"product_cat","embeddable":true,"href":"https:\/\/www.mittelalterkraemer.de\/index.php?rest_route=%2Fwp%2Fv2%2Fproduct_cat&post=535"},{"taxonomy":"product_tag","embeddable":true,"href":"https:\/\/www.mittelalterkraemer.de\/index.php?rest_route=%2Fwp%2Fv2%2Fproduct_tag&post=535"}],"curies":[{"name":"wp","href":"https:\/\/api.w.org\/{rel}","templated":true}]}}