{"id":543,"date":"2020-09-25T12:28:30","date_gmt":"2020-09-25T12:28:30","guid":{"rendered":"http:\/\/www.mittelalterkraemer.de\/?product=spaetmittelalter-wamsdoublet"},"modified":"2026-01-13T14:57:57","modified_gmt":"2026-01-13T13:57:57","slug":"spaetmittelalter-wamsdoublet","status":"publish","type":"product","link":"https:\/\/www.mittelalterkraemer.de\/?product=spaetmittelalter-wamsdoublet","title":{"rendered":"Sp\u00e4tmittelalter &#8211; Wams|Doublet"},"content":{"rendered":"<p>Ein Wams aus Wolle mit Leinen gef\u00fcttert, geschn\u00fcrt oder gekn\u00f6pft.<\/p>\n<p>S: 92-100 cm Brustumfang, 80-88 cm Taillenumfang, 91-98 cm H\u00fcftumfang, K\u00f6rpergr\u00f6\u00dfe 170-176 cm<br \/>\nM: 100-108 cm Brustumfang, 88-96 cm Taillenumfang, 98-105 cm H\u00fcftumfang, K\u00f6rpergr\u00f6\u00dfe 176-182 cm<br \/>\nL: 108-116 cm Brustumfang, 96-104 cm Taillenumfang, 105-112 cm H\u00fcftumfang, K\u00f6rpergr\u00f6\u00dfe 182-188 cm<br \/>\nXL: 116-124 cm Brustumfang, 104-112 cm Taillenumfang, 112-120 cm H\u00fcftumfang, K\u00f6rpergr\u00f6\u00dfe 188-194 cm<br \/>\nXXL: 124-132 cm Brustumfang, 112-120 cm Taillenumfang, 120-128 cm H\u00fcftumfang, K\u00f6rpergr\u00f6\u00dfe 194-200 cm<\/p>\n<p>Ma\u00dfanfertigungen sind f\u00fcr einen Aufpreis von 20% ebenfalls m\u00f6glich.*<br \/>\nWaren auf Ma\u00df sind vom Umtausch ausgeschlossen.<br \/>\nEine Tabelle f\u00fcr die erforderlichen Ma\u00dfe wird von uns nach Zahlungseingang versendet.<\/p>\n<p>Herstellungsdauer 4 &#8211; 6 Wochen<\/p>\n<p>Alle sichtbaren N\u00e4hte und L\u00f6cher sind handvern\u00e4ht.<\/p>\n<p>Alle <a href=\"http:\/\/www.mittelalterkraemer.de\/?page_id=8722\"><u>Wollfarben<\/u><\/a> und <a href=\"http:\/\/www.mittelalterkraemer.de\/?page_id=8707\"><u>Leinenfarben<\/u><\/a> die zur Auswahl stehen sind hier zu sehen.<\/p>\n<p>Wolle &#8211; ca. 370 Gramm pro Quadratmeter<br \/>\nLeinen &#8211; ca. 230 Gramm pro Quadratmeter<\/p>\n<p><b>Der Wams ist ein unverzichtbares Sp\u00e4tmittelalterkleidungsst\u00fcck denn an ihn wurden alle Arten von Hosen genestelt.<br \/>\nSie hat lange \u00c4rmel ist sehr eng geschnitten und reicht bis zu den Hosen, au\u00dferdem ist sie aus Wollstoff gefertigt und mit einem oft andersfarbigen Leinenstoff gef\u00fcttert. Oft unterschieden sich F\u00fctterung und Obermaterial farblich stark und passten nach unseren Ma\u00dfst\u00e4ben \u00fcberhaupt nicht zusammen. Eng deshalb weil der Wams im Grunde Untergewand war und nur als Hosenhalter diente. \u00dcber ihm trug man Tuniken, Schecken oder Cotthardies.<br \/>\nDie Doublet kann geschn\u00fcrt oder gekn\u00f6pft bestellt werden. Im Fall der gekn\u00f6pften Variante wird er mit ca. 15 gegossenen Zinnkn\u00f6pfen geliefert.<\/b><\/p>\n<p>Die dazu passende <a href=\"https:\/\/www.mittelalterkraemer.de\/?product=spaetmittelalter-hosen-beinlinge\">Hose<\/a> gibt es nat\u00fcrlich auch bei uns. \u00dcber dem Wams wurde \u00fcblicherweise eine <a href=\"https:\/\/www.mittelalterkraemer.de\/?product=spaetmittelalter-cotthardie\">Cottehardie<\/a> oder eine <a href=\"https:\/\/www.mittelalterkraemer.de\/?product=spaetmittelalter-scheckejopula\">Schecke<\/a> getragen. Der Wams war meist nicht zu sehen.<\/p>\n<p><span style=\"font-size: 75%;\">Dekorationsartikel geh\u00f6ren nicht zum Lieferumfang<\/span><\/p>\n<p><span style=\"font-size: 75%;\">*Ma\u00dfgefertigte Produkte werden individuell auf vom Kunden zur Verf\u00fcgung gestellten Ma\u00dfen angefertigt. Die entsprechende Ma\u00dftabelle wird nach Bestellung an die angegebene E-Mail-Adresse versendet. Die Ma\u00dfe m\u00fcssen so genommen werden wie die Kleidung nachher getragen werden soll, also mit entsprechender Unterw\u00e4sche\/-kleidung, falls gew\u00fcnscht.<\/span><\/p>\n<p><span style=\"font-size: 75%;\">**Komplett handvern\u00e4ht bedeutet dass alle N\u00e4hte von Hand vern\u00e4ht werden, inklusive aller sichtbaren und unsichtbaren N\u00e4hte.<\/span><\/p>\n<p><span style=\"font-size: 75%;\">***Wollstoff aus mindestens 80% Wolle und h\u00f6chstens 20% Polyamid<\/span><\/p>\n","protected":false},"excerpt":{"rendered":"<p>Ein Wams aus Wolle mit Leinen gef\u00fcttert, geschn\u00fcrt oder gekn\u00f6pft. S: 92-100 cm Brustumfang, 80-88 cm Taillenumfang, 91-98 cm H\u00fcftumfang, K\u00f6rpergr\u00f6\u00dfe 170-176 cm M: 100-108 cm Brustumfang, 88-96 cm Taillenumfang, 98-105 cm H\u00fcftumfang, K\u00f6rpergr\u00f6\u00dfe 176-182 cm L: 108-116 cm Brustumfang, 96-104 cm Taillenumfang, 105-112 cm H\u00fcftumfang, K\u00f6rpergr\u00f6\u00dfe 182-188 cm XL: 116-124 cm Brustumfang, 104-112 cm [&#8230;]\n","protected":false},"featured_media":544,"comment_status":"open","ping_status":"closed","template":"","meta":[],"product_brand":[],"product_cat":[75,93],"product_tag":[],"class_list":{"0":"post-543","1":"product","2":"type-product","3":"status-publish","4":"has-post-thumbnail","6":"product_cat-kleidung-herren","7":"product_cat-bekleidung-kleidung-herren","8":"product_shipping_class-stdversand","9":"tm-has-options","11":"first","12":"instock","13":"featured","14":"taxable","15":"shipping-taxable","16":"purchasable","17":"product-type-variable","18":"has-default-attributes"},"_links":{"self":[{"href":"https:\/\/www.mittelalterkraemer.de\/index.php?rest_route=\/wp\/v2\/product\/543","targetHints":{"allow":["GET"]}}],"collection":[{"href":"https:\/\/www.mittelalterkraemer.de\/index.php?rest_route=\/wp\/v2\/product"}],"about":[{"href":"https:\/\/www.mittelalterkraemer.de\/index.php?rest_route=\/wp\/v2\/types\/product"}],"replies":[{"embeddable":true,"href":"https:\/\/www.mittelalterkraemer.de\/index.php?rest_route=%2Fwp%2Fv2%2Fcomments&post=543"}],"wp:featuredmedia":[{"embeddable":true,"href":"https:\/\/www.mittelalterkraemer.de\/index.php?rest_route=\/wp\/v2\/media\/544"}],"wp:attachment":[{"href":"https:\/\/www.mittelalterkraemer.de\/index.php?rest_route=%2Fwp%2Fv2%2Fmedia&parent=543"}],"wp:term":[{"taxonomy":"product_brand","embeddable":true,"href":"https:\/\/www.mittelalterkraemer.de\/index.php?rest_route=%2Fwp%2Fv2%2Fproduct_brand&post=543"},{"taxonomy":"product_cat","embeddable":true,"href":"https:\/\/www.mittelalterkraemer.de\/index.php?rest_route=%2Fwp%2Fv2%2Fproduct_cat&post=543"},{"taxonomy":"product_tag","embeddable":true,"href":"https:\/\/www.mittelalterkraemer.de\/index.php?rest_route=%2Fwp%2Fv2%2Fproduct_tag&post=543"}],"curies":[{"name":"wp","href":"https:\/\/api.w.org\/{rel}","templated":true}]}}