{"id":553,"date":"2020-09-25T12:28:30","date_gmt":"2020-09-25T12:28:30","guid":{"rendered":"http:\/\/www.mittelalterkraemer.de\/?product=5-gesichtsmasken-aus-4-lagen-filz"},"modified":"2026-01-12T14:40:49","modified_gmt":"2026-01-12T13:40:49","slug":"5-gesichtsmasken-aus-4-lagen-filz","status":"publish","type":"product","link":"https:\/\/www.mittelalterkraemer.de\/?product=5-gesichtsmasken-aus-4-lagen-filz","title":{"rendered":"5 Gesichtsmasken aus 4 Lagen Filz"},"content":{"rendered":"<p>5 Einwegmasken aus 4 Lagen Filz<\/p>\n<p>8-10 Tage***** Lieferzeit.<\/p>\n<p>Produziert in der EU!<\/p>\n<p><b><br \/>\nMehr Sicherheit im Alltag.<\/b><\/p>\n<p>Die Masken sch\u00fctzen nat\u00fcrlich nicht 100% gegen die Viren tragenden feinen Tr\u00f6pfchen aus der Atemluft. Aber sie bewahren einen vor gro\u00dfen Tr\u00f6pfchen bei feuchter Aussprache zum Beispiel, und vor allem auch davor sich selbst mit kontaminierten H\u00e4nden an Mund oder Nase zu fassen. Und sie\u00a0 schr\u00e4nken das Verbreiten der Tr\u00f6pfchen bei Hustern oder Niesern deutlich ein.<\/p>\n<p>Au\u00dferdem erinnern sie einen einfach daran seinen Abstand einzuhalten.<\/p>\n","protected":false},"excerpt":{"rendered":"<p>5 Einwegmasken aus 4 Lagen Filz 8-10 Tage***** Lieferzeit. Produziert in der EU! Mehr Sicherheit im Alltag. Die Masken sch\u00fctzen nat\u00fcrlich nicht 100% gegen die Viren tragenden feinen Tr\u00f6pfchen aus der Atemluft. Aber sie bewahren einen vor gro\u00dfen Tr\u00f6pfchen bei feuchter Aussprache zum Beispiel, und vor allem auch davor sich selbst mit kontaminierten H\u00e4nden an [&#8230;]\n","protected":false},"featured_media":554,"comment_status":"open","ping_status":"closed","template":"","meta":[],"product_brand":[],"product_cat":[73],"product_tag":[],"class_list":{"0":"post-553","1":"product","2":"type-product","3":"status-publish","4":"has-post-thumbnail","6":"product_cat-aktuelles","7":"product_shipping_class-stdversand","8":"tm-no-options","10":"first","11":"instock","12":"taxable","13":"shipping-taxable","14":"purchasable","15":"product-type-variable","16":"has-default-attributes"},"_links":{"self":[{"href":"https:\/\/www.mittelalterkraemer.de\/index.php?rest_route=\/wp\/v2\/product\/553","targetHints":{"allow":["GET"]}}],"collection":[{"href":"https:\/\/www.mittelalterkraemer.de\/index.php?rest_route=\/wp\/v2\/product"}],"about":[{"href":"https:\/\/www.mittelalterkraemer.de\/index.php?rest_route=\/wp\/v2\/types\/product"}],"replies":[{"embeddable":true,"href":"https:\/\/www.mittelalterkraemer.de\/index.php?rest_route=%2Fwp%2Fv2%2Fcomments&post=553"}],"wp:featuredmedia":[{"embeddable":true,"href":"https:\/\/www.mittelalterkraemer.de\/index.php?rest_route=\/wp\/v2\/media\/554"}],"wp:attachment":[{"href":"https:\/\/www.mittelalterkraemer.de\/index.php?rest_route=%2Fwp%2Fv2%2Fmedia&parent=553"}],"wp:term":[{"taxonomy":"product_brand","embeddable":true,"href":"https:\/\/www.mittelalterkraemer.de\/index.php?rest_route=%2Fwp%2Fv2%2Fproduct_brand&post=553"},{"taxonomy":"product_cat","embeddable":true,"href":"https:\/\/www.mittelalterkraemer.de\/index.php?rest_route=%2Fwp%2Fv2%2Fproduct_cat&post=553"},{"taxonomy":"product_tag","embeddable":true,"href":"https:\/\/www.mittelalterkraemer.de\/index.php?rest_route=%2Fwp%2Fv2%2Fproduct_tag&post=553"}],"curies":[{"name":"wp","href":"https:\/\/api.w.org\/{rel}","templated":true}]}}